{"id":2935,"date":"2024-12-13T09:02:51","date_gmt":"2024-12-13T12:02:51","guid":{"rendered":"https:\/\/ifdc4-juj.infd.edu.ar\/sitio\/?page_id=2935"},"modified":"2024-12-13T11:23:00","modified_gmt":"2024-12-13T14:23:00","slug":"actividades-inst-prof-de-artes-visuales","status":"publish","type":"page","link":"https:\/\/ifdc4-juj.infd.edu.ar\/sitio\/actividades-inst-prof-de-artes-visuales\/","title":{"rendered":"Actividades Inst. Prof. de Artes Visuales"},"content":{"rendered":"\n<p>mural realizado por los estudiantes del profesorado de Artes con Orientaci\u00f3n en Cer\u00e1mica para una instituci\u00f3n escolar de la cuidad de Palpal\u00e1<\/p>\n\n\n\n<figure class=\"wp-block-image size-full\"><img decoding=\"async\" loading=\"lazy\" width=\"1600\" height=\"1200\" src=\"https:\/\/ifdc4-juj.infd.edu.ar\/sitio\/wp-content\/uploads\/2024\/12\/WhatsApp-Image-2024-12-12-at-20.51.03-1.jpeg\" alt=\"\" class=\"wp-image-2936\" srcset=\"https:\/\/ifdc4-juj.infd.edu.ar\/sitio\/wp-content\/uploads\/2024\/12\/WhatsApp-Image-2024-12-12-at-20.51.03-1.jpeg 1600w, https:\/\/ifdc4-juj.infd.edu.ar\/sitio\/wp-content\/uploads\/2024\/12\/WhatsApp-Image-2024-12-12-at-20.51.03-1-1000x750.jpeg 1000w, https:\/\/ifdc4-juj.infd.edu.ar\/sitio\/wp-content\/uploads\/2024\/12\/WhatsApp-Image-2024-12-12-at-20.51.03-1-768x576.jpeg 768w, https:\/\/ifdc4-juj.infd.edu.ar\/sitio\/wp-content\/uploads\/2024\/12\/WhatsApp-Image-2024-12-12-at-20.51.03-1-1536x1152.jpeg 1536w\" sizes=\"(max-width: 1600px) 100vw, 1600px\" \/><\/figure>\n\n\n\n<figure class=\"wp-block-image size-full\"><img decoding=\"async\" loading=\"lazy\" width=\"1280\" height=\"576\" src=\"https:\/\/ifdc4-juj.infd.edu.ar\/sitio\/wp-content\/uploads\/2024\/12\/WhatsApp-Image-2024-12-12-at-20.51.03-2.jpeg\" alt=\"\" class=\"wp-image-2937\" srcset=\"https:\/\/ifdc4-juj.infd.edu.ar\/sitio\/wp-content\/uploads\/2024\/12\/WhatsApp-Image-2024-12-12-at-20.51.03-2.jpeg 1280w, https:\/\/ifdc4-juj.infd.edu.ar\/sitio\/wp-content\/uploads\/2024\/12\/WhatsApp-Image-2024-12-12-at-20.51.03-2-1000x450.jpeg 1000w, https:\/\/ifdc4-juj.infd.edu.ar\/sitio\/wp-content\/uploads\/2024\/12\/WhatsApp-Image-2024-12-12-at-20.51.03-2-768x346.jpeg 768w\" sizes=\"(max-width: 1280px) 100vw, 1280px\" \/><\/figure>\n\n\n\n<figure class=\"wp-block-image size-full\"><img decoding=\"async\" loading=\"lazy\" width=\"1280\" height=\"576\" src=\"https:\/\/ifdc4-juj.infd.edu.ar\/sitio\/wp-content\/uploads\/2024\/12\/WhatsApp-Image-2024-12-12-at-20.51.03-3.jpeg\" alt=\"\" class=\"wp-image-2938\" srcset=\"https:\/\/ifdc4-juj.infd.edu.ar\/sitio\/wp-content\/uploads\/2024\/12\/WhatsApp-Image-2024-12-12-at-20.51.03-3.jpeg 1280w, https:\/\/ifdc4-juj.infd.edu.ar\/sitio\/wp-content\/uploads\/2024\/12\/WhatsApp-Image-2024-12-12-at-20.51.03-3-1000x450.jpeg 1000w, https:\/\/ifdc4-juj.infd.edu.ar\/sitio\/wp-content\/uploads\/2024\/12\/WhatsApp-Image-2024-12-12-at-20.51.03-3-768x346.jpeg 768w\" sizes=\"(max-width: 1280px) 100vw, 1280px\" \/><\/figure>\n\n\n\n<figure class=\"wp-block-image size-full\"><img decoding=\"async\" loading=\"lazy\" width=\"1600\" height=\"1200\" src=\"https:\/\/ifdc4-juj.infd.edu.ar\/sitio\/wp-content\/uploads\/2024\/12\/WhatsApp-Image-2024-12-12-at-20.51.03.jpeg\" alt=\"\" class=\"wp-image-2939\" srcset=\"https:\/\/ifdc4-juj.infd.edu.ar\/sitio\/wp-content\/uploads\/2024\/12\/WhatsApp-Image-2024-12-12-at-20.51.03.jpeg 1600w, https:\/\/ifdc4-juj.infd.edu.ar\/sitio\/wp-content\/uploads\/2024\/12\/WhatsApp-Image-2024-12-12-at-20.51.03-1000x750.jpeg 1000w, https:\/\/ifdc4-juj.infd.edu.ar\/sitio\/wp-content\/uploads\/2024\/12\/WhatsApp-Image-2024-12-12-at-20.51.03-768x576.jpeg 768w, https:\/\/ifdc4-juj.infd.edu.ar\/sitio\/wp-content\/uploads\/2024\/12\/WhatsApp-Image-2024-12-12-at-20.51.03-1536x1152.jpeg 1536w\" sizes=\"(max-width: 1600px) 100vw, 1600px\" \/><\/figure>\n\n\n\n<figure class=\"wp-block-image size-full\"><img decoding=\"async\" loading=\"lazy\" width=\"1280\" height=\"576\" src=\"https:\/\/ifdc4-juj.infd.edu.ar\/sitio\/wp-content\/uploads\/2024\/12\/WhatsApp-Image-2024-12-12-at-20.51.04-1.jpeg\" alt=\"\" class=\"wp-image-2940\" srcset=\"https:\/\/ifdc4-juj.infd.edu.ar\/sitio\/wp-content\/uploads\/2024\/12\/WhatsApp-Image-2024-12-12-at-20.51.04-1.jpeg 1280w, https:\/\/ifdc4-juj.infd.edu.ar\/sitio\/wp-content\/uploads\/2024\/12\/WhatsApp-Image-2024-12-12-at-20.51.04-1-1000x450.jpeg 1000w, https:\/\/ifdc4-juj.infd.edu.ar\/sitio\/wp-content\/uploads\/2024\/12\/WhatsApp-Image-2024-12-12-at-20.51.04-1-768x346.jpeg 768w\" sizes=\"(max-width: 1280px) 100vw, 1280px\" \/><\/figure>\n\n\n\n<figure class=\"wp-block-image size-full\"><img decoding=\"async\" loading=\"lazy\" width=\"1280\" height=\"576\" src=\"https:\/\/ifdc4-juj.infd.edu.ar\/sitio\/wp-content\/uploads\/2024\/12\/WhatsApp-Image-2024-12-12-at-20.51.04-2-2.jpeg\" alt=\"\" class=\"wp-image-2943\" srcset=\"https:\/\/ifdc4-juj.infd.edu.ar\/sitio\/wp-content\/uploads\/2024\/12\/WhatsApp-Image-2024-12-12-at-20.51.04-2-2.jpeg 1280w, https:\/\/ifdc4-juj.infd.edu.ar\/sitio\/wp-content\/uploads\/2024\/12\/WhatsApp-Image-2024-12-12-at-20.51.04-2-2-1000x450.jpeg 1000w, https:\/\/ifdc4-juj.infd.edu.ar\/sitio\/wp-content\/uploads\/2024\/12\/WhatsApp-Image-2024-12-12-at-20.51.04-2-2-768x346.jpeg 768w\" sizes=\"(max-width: 1280px) 100vw, 1280px\" \/><\/figure>\n\n\n\n<figure class=\"wp-block-image size-full\"><img decoding=\"async\" loading=\"lazy\" width=\"1280\" height=\"576\" src=\"https:\/\/ifdc4-juj.infd.edu.ar\/sitio\/wp-content\/uploads\/2024\/12\/WhatsApp-Image-2024-12-12-at-20.51.04.jpeg\" alt=\"\" class=\"wp-image-2944\" srcset=\"https:\/\/ifdc4-juj.infd.edu.ar\/sitio\/wp-content\/uploads\/2024\/12\/WhatsApp-Image-2024-12-12-at-20.51.04.jpeg 1280w, https:\/\/ifdc4-juj.infd.edu.ar\/sitio\/wp-content\/uploads\/2024\/12\/WhatsApp-Image-2024-12-12-at-20.51.04-1000x450.jpeg 1000w, https:\/\/ifdc4-juj.infd.edu.ar\/sitio\/wp-content\/uploads\/2024\/12\/WhatsApp-Image-2024-12-12-at-20.51.04-768x346.jpeg 768w\" sizes=\"(max-width: 1280px) 100vw, 1280px\" \/><\/figure>\n\n\n\n<figure class=\"wp-block-image size-full\"><img decoding=\"async\" loading=\"lazy\" width=\"1280\" height=\"576\" src=\"https:\/\/ifdc4-juj.infd.edu.ar\/sitio\/wp-content\/uploads\/2024\/12\/WhatsApp-Image-2024-12-12-at-20.51.05-1.jpeg\" alt=\"\" class=\"wp-image-2945\" srcset=\"https:\/\/ifdc4-juj.infd.edu.ar\/sitio\/wp-content\/uploads\/2024\/12\/WhatsApp-Image-2024-12-12-at-20.51.05-1.jpeg 1280w, https:\/\/ifdc4-juj.infd.edu.ar\/sitio\/wp-content\/uploads\/2024\/12\/WhatsApp-Image-2024-12-12-at-20.51.05-1-1000x450.jpeg 1000w, https:\/\/ifdc4-juj.infd.edu.ar\/sitio\/wp-content\/uploads\/2024\/12\/WhatsApp-Image-2024-12-12-at-20.51.05-1-768x346.jpeg 768w\" sizes=\"(max-width: 1280px) 100vw, 1280px\" \/><\/figure>\n\n\n\n<figure class=\"wp-block-image size-full\"><img decoding=\"async\" loading=\"lazy\" width=\"1280\" height=\"576\" src=\"https:\/\/ifdc4-juj.infd.edu.ar\/sitio\/wp-content\/uploads\/2024\/12\/WhatsApp-Image-2024-12-12-at-20.51.05-2.jpeg\" alt=\"\" class=\"wp-image-2946\" srcset=\"https:\/\/ifdc4-juj.infd.edu.ar\/sitio\/wp-content\/uploads\/2024\/12\/WhatsApp-Image-2024-12-12-at-20.51.05-2.jpeg 1280w, https:\/\/ifdc4-juj.infd.edu.ar\/sitio\/wp-content\/uploads\/2024\/12\/WhatsApp-Image-2024-12-12-at-20.51.05-2-1000x450.jpeg 1000w, https:\/\/ifdc4-juj.infd.edu.ar\/sitio\/wp-content\/uploads\/2024\/12\/WhatsApp-Image-2024-12-12-at-20.51.05-2-768x346.jpeg 768w\" sizes=\"(max-width: 1280px) 100vw, 1280px\" \/><\/figure>\n\n\n\n<figure class=\"wp-block-gallery has-nested-images columns-default is-cropped wp-block-gallery-1 is-layout-flex\">\n<figure class=\"wp-block-image size-large\"><img decoding=\"async\" loading=\"lazy\" width=\"576\" height=\"1280\" data-id=\"2947\"  src=\"https:\/\/ifdc4-juj.infd.edu.ar\/sitio\/wp-content\/uploads\/2024\/12\/WhatsApp-Image-2024-12-12-at-20.51.05.jpeg\" alt=\"\" class=\"wp-image-2947\" srcset=\"https:\/\/ifdc4-juj.infd.edu.ar\/sitio\/wp-content\/uploads\/2024\/12\/WhatsApp-Image-2024-12-12-at-20.51.05.jpeg 576w, https:\/\/ifdc4-juj.infd.edu.ar\/sitio\/wp-content\/uploads\/2024\/12\/WhatsApp-Image-2024-12-12-at-20.51.05-450x1000.jpeg 450w\" sizes=\"(max-width: 576px) 100vw, 576px\" \/><\/figure>\n<\/figure>\n","protected":false},"excerpt":{"rendered":"<p>mural realizado por los estudiantes del profesorado de Artes con Orientaci\u00f3n en Cer\u00e1mica para una instituci\u00f3n escolar de la cuidad de Palpal\u00e1<\/p>\n","protected":false},"author":788,"featured_media":0,"parent":0,"menu_order":0,"comment_status":"closed","ping_status":"closed","template":"","meta":[],"acf":[],"_links":{"self":[{"href":"https:\/\/ifdc4-juj.infd.edu.ar\/sitio\/wp-json\/wp\/v2\/pages\/2935"}],"collection":[{"href":"https:\/\/ifdc4-juj.infd.edu.ar\/sitio\/wp-json\/wp\/v2\/pages"}],"about":[{"href":"https:\/\/ifdc4-juj.infd.edu.ar\/sitio\/wp-json\/wp\/v2\/types\/page"}],"author":[{"embeddable":true,"href":"https:\/\/ifdc4-juj.infd.edu.ar\/sitio\/wp-json\/wp\/v2\/users\/788"}],"replies":[{"embeddable":true,"href":"https:\/\/ifdc4-juj.infd.edu.ar\/sitio\/wp-json\/wp\/v2\/comments?post=2935"}],"version-history":[{"count":1,"href":"https:\/\/ifdc4-juj.infd.edu.ar\/sitio\/wp-json\/wp\/v2\/pages\/2935\/revisions"}],"predecessor-version":[{"id":2948,"href":"https:\/\/ifdc4-juj.infd.edu.ar\/sitio\/wp-json\/wp\/v2\/pages\/2935\/revisions\/2948"}],"wp:attachment":[{"href":"https:\/\/ifdc4-juj.infd.edu.ar\/sitio\/wp-json\/wp\/v2\/media?parent=2935"}],"curies":[{"name":"wp","href":"https:\/\/api.w.org\/{rel}","templated":true}]}}