{"id":2891,"date":"2024-12-10T10:18:59","date_gmt":"2024-12-10T13:18:59","guid":{"rendered":"https:\/\/ifdc4-juj.infd.edu.ar\/sitio\/?page_id=2891"},"modified":"2024-12-10T10:19:01","modified_gmt":"2024-12-10T13:19:01","slug":"actividades-inst-prof-de-educacion-fisica","status":"publish","type":"page","link":"https:\/\/ifdc4-juj.infd.edu.ar\/sitio\/actividades-inst-prof-de-educacion-fisica\/","title":{"rendered":"Actividades Inst. Prof. de Educaci\u00f3n F\u00edsica"},"content":{"rendered":"\n<p>Compartimos algunas de las actividades, muestras y proyectos de c\u00e1tedra de los profesorados realizadas a lo largo del presente a\u00f1o acad\u00e9mico.<\/p>\n\n\n\n<p>Stand Expo Educativa<\/p>\n\n\n\n<figure class=\"wp-block-image size-full\"><img decoding=\"async\" loading=\"lazy\" width=\"1200\" height=\"1600\" src=\"https:\/\/ifdc4-juj.infd.edu.ar\/sitio\/wp-content\/uploads\/2024\/12\/WhatsApp-Image-2024-12-02-at-21.37.01-1.jpeg\" alt=\"\" class=\"wp-image-2916\" srcset=\"https:\/\/ifdc4-juj.infd.edu.ar\/sitio\/wp-content\/uploads\/2024\/12\/WhatsApp-Image-2024-12-02-at-21.37.01-1.jpeg 1200w, https:\/\/ifdc4-juj.infd.edu.ar\/sitio\/wp-content\/uploads\/2024\/12\/WhatsApp-Image-2024-12-02-at-21.37.01-1-750x1000.jpeg 750w, https:\/\/ifdc4-juj.infd.edu.ar\/sitio\/wp-content\/uploads\/2024\/12\/WhatsApp-Image-2024-12-02-at-21.37.01-1-768x1024.jpeg 768w, https:\/\/ifdc4-juj.infd.edu.ar\/sitio\/wp-content\/uploads\/2024\/12\/WhatsApp-Image-2024-12-02-at-21.37.01-1-1152x1536.jpeg 1152w\" sizes=\"(max-width: 1200px) 100vw, 1200px\" \/><\/figure>\n\n\n\n<figure class=\"wp-block-image size-full\"><img decoding=\"async\" loading=\"lazy\" width=\"1600\" height=\"1200\" src=\"https:\/\/ifdc4-juj.infd.edu.ar\/sitio\/wp-content\/uploads\/2024\/12\/WhatsApp-Image-2024-12-02-at-21.36.55.jpeg\" alt=\"\" class=\"wp-image-2917\" srcset=\"https:\/\/ifdc4-juj.infd.edu.ar\/sitio\/wp-content\/uploads\/2024\/12\/WhatsApp-Image-2024-12-02-at-21.36.55.jpeg 1600w, https:\/\/ifdc4-juj.infd.edu.ar\/sitio\/wp-content\/uploads\/2024\/12\/WhatsApp-Image-2024-12-02-at-21.36.55-1000x750.jpeg 1000w, https:\/\/ifdc4-juj.infd.edu.ar\/sitio\/wp-content\/uploads\/2024\/12\/WhatsApp-Image-2024-12-02-at-21.36.55-768x576.jpeg 768w, https:\/\/ifdc4-juj.infd.edu.ar\/sitio\/wp-content\/uploads\/2024\/12\/WhatsApp-Image-2024-12-02-at-21.36.55-1536x1152.jpeg 1536w\" sizes=\"(max-width: 1600px) 100vw, 1600px\" \/><\/figure>\n\n\n\n<p>Profesorado de Educaci\u00f3n F\u00edsica en el d\u00eda los jardines<\/p>\n\n\n\n<figure class=\"wp-block-image size-full is-resized\"><img decoding=\"async\" loading=\"lazy\" src=\"https:\/\/ifdc4-juj.infd.edu.ar\/sitio\/wp-content\/uploads\/2024\/12\/WhatsApp-Image-2024-12-02-at-21.33.41-1.jpeg\" alt=\"\" class=\"wp-image-2892\" width=\"1018\" height=\"1355\"\/><\/figure>\n\n\n\n<figure class=\"wp-block-image size-full is-resized\"><img decoding=\"async\" loading=\"lazy\" src=\"https:\/\/ifdc4-juj.infd.edu.ar\/sitio\/wp-content\/uploads\/2024\/12\/WhatsApp-Image-2024-12-02-at-21.33.42-1.jpeg\" alt=\"\" class=\"wp-image-2893\" width=\"1018\" height=\"1357\" srcset=\"https:\/\/ifdc4-juj.infd.edu.ar\/sitio\/wp-content\/uploads\/2024\/12\/WhatsApp-Image-2024-12-02-at-21.33.42-1.jpeg 960w, https:\/\/ifdc4-juj.infd.edu.ar\/sitio\/wp-content\/uploads\/2024\/12\/WhatsApp-Image-2024-12-02-at-21.33.42-1-750x1000.jpeg 750w, https:\/\/ifdc4-juj.infd.edu.ar\/sitio\/wp-content\/uploads\/2024\/12\/WhatsApp-Image-2024-12-02-at-21.33.42-1-768x1024.jpeg 768w\" sizes=\"(max-width: 1018px) 100vw, 1018px\" \/><\/figure>\n\n\n\n<figure class=\"wp-block-image size-full\"><img decoding=\"async\" loading=\"lazy\" width=\"960\" height=\"1280\" src=\"https:\/\/ifdc4-juj.infd.edu.ar\/sitio\/wp-content\/uploads\/2024\/12\/WhatsApp-Image-2024-12-02-at-21.33.42-2.jpeg\" alt=\"\" class=\"wp-image-2894\" srcset=\"https:\/\/ifdc4-juj.infd.edu.ar\/sitio\/wp-content\/uploads\/2024\/12\/WhatsApp-Image-2024-12-02-at-21.33.42-2.jpeg 960w, https:\/\/ifdc4-juj.infd.edu.ar\/sitio\/wp-content\/uploads\/2024\/12\/WhatsApp-Image-2024-12-02-at-21.33.42-2-750x1000.jpeg 750w, https:\/\/ifdc4-juj.infd.edu.ar\/sitio\/wp-content\/uploads\/2024\/12\/WhatsApp-Image-2024-12-02-at-21.33.42-2-768x1024.jpeg 768w\" sizes=\"(max-width: 960px) 100vw, 960px\" \/><\/figure>\n\n\n\n<figure class=\"wp-block-image size-full\"><img decoding=\"async\" loading=\"lazy\" width=\"960\" height=\"1280\" src=\"https:\/\/ifdc4-juj.infd.edu.ar\/sitio\/wp-content\/uploads\/2024\/12\/WhatsApp-Image-2024-12-02-at-21.33.42-3.jpeg\" alt=\"\" class=\"wp-image-2895\" srcset=\"https:\/\/ifdc4-juj.infd.edu.ar\/sitio\/wp-content\/uploads\/2024\/12\/WhatsApp-Image-2024-12-02-at-21.33.42-3.jpeg 960w, https:\/\/ifdc4-juj.infd.edu.ar\/sitio\/wp-content\/uploads\/2024\/12\/WhatsApp-Image-2024-12-02-at-21.33.42-3-750x1000.jpeg 750w, https:\/\/ifdc4-juj.infd.edu.ar\/sitio\/wp-content\/uploads\/2024\/12\/WhatsApp-Image-2024-12-02-at-21.33.42-3-768x1024.jpeg 768w\" sizes=\"(max-width: 960px) 100vw, 960px\" \/><\/figure>\n\n\n\n<figure class=\"wp-block-image size-full\"><img decoding=\"async\" loading=\"lazy\" width=\"960\" height=\"1280\" src=\"https:\/\/ifdc4-juj.infd.edu.ar\/sitio\/wp-content\/uploads\/2024\/12\/WhatsApp-Image-2024-12-02-at-21.33.42.jpeg\" alt=\"\" class=\"wp-image-2896\" srcset=\"https:\/\/ifdc4-juj.infd.edu.ar\/sitio\/wp-content\/uploads\/2024\/12\/WhatsApp-Image-2024-12-02-at-21.33.42.jpeg 960w, https:\/\/ifdc4-juj.infd.edu.ar\/sitio\/wp-content\/uploads\/2024\/12\/WhatsApp-Image-2024-12-02-at-21.33.42-750x1000.jpeg 750w, https:\/\/ifdc4-juj.infd.edu.ar\/sitio\/wp-content\/uploads\/2024\/12\/WhatsApp-Image-2024-12-02-at-21.33.42-768x1024.jpeg 768w\" sizes=\"(max-width: 960px) 100vw, 960px\" \/><\/figure>\n\n\n\n<figure class=\"wp-block-image size-full\"><img decoding=\"async\" loading=\"lazy\" width=\"960\" height=\"1280\" src=\"https:\/\/ifdc4-juj.infd.edu.ar\/sitio\/wp-content\/uploads\/2024\/12\/WhatsApp-Image-2024-12-02-at-21.33.43-1.jpeg\" alt=\"\" class=\"wp-image-2897\" srcset=\"https:\/\/ifdc4-juj.infd.edu.ar\/sitio\/wp-content\/uploads\/2024\/12\/WhatsApp-Image-2024-12-02-at-21.33.43-1.jpeg 960w, https:\/\/ifdc4-juj.infd.edu.ar\/sitio\/wp-content\/uploads\/2024\/12\/WhatsApp-Image-2024-12-02-at-21.33.43-1-750x1000.jpeg 750w, https:\/\/ifdc4-juj.infd.edu.ar\/sitio\/wp-content\/uploads\/2024\/12\/WhatsApp-Image-2024-12-02-at-21.33.43-1-768x1024.jpeg 768w\" sizes=\"(max-width: 960px) 100vw, 960px\" \/><\/figure>\n\n\n\n<figure class=\"wp-block-image size-full\"><img decoding=\"async\" loading=\"lazy\" width=\"960\" height=\"1280\" src=\"https:\/\/ifdc4-juj.infd.edu.ar\/sitio\/wp-content\/uploads\/2024\/12\/WhatsApp-Image-2024-12-02-at-21.33.43-2.jpeg\" alt=\"\" class=\"wp-image-2898\" srcset=\"https:\/\/ifdc4-juj.infd.edu.ar\/sitio\/wp-content\/uploads\/2024\/12\/WhatsApp-Image-2024-12-02-at-21.33.43-2.jpeg 960w, https:\/\/ifdc4-juj.infd.edu.ar\/sitio\/wp-content\/uploads\/2024\/12\/WhatsApp-Image-2024-12-02-at-21.33.43-2-750x1000.jpeg 750w, https:\/\/ifdc4-juj.infd.edu.ar\/sitio\/wp-content\/uploads\/2024\/12\/WhatsApp-Image-2024-12-02-at-21.33.43-2-768x1024.jpeg 768w\" sizes=\"(max-width: 960px) 100vw, 960px\" \/><\/figure>\n\n\n\n<figure class=\"wp-block-image size-full\"><img decoding=\"async\" loading=\"lazy\" width=\"960\" height=\"1280\" src=\"https:\/\/ifdc4-juj.infd.edu.ar\/sitio\/wp-content\/uploads\/2024\/12\/WhatsApp-Image-2024-12-02-at-21.33.43.jpeg\" alt=\"\" class=\"wp-image-2899\" srcset=\"https:\/\/ifdc4-juj.infd.edu.ar\/sitio\/wp-content\/uploads\/2024\/12\/WhatsApp-Image-2024-12-02-at-21.33.43.jpeg 960w, https:\/\/ifdc4-juj.infd.edu.ar\/sitio\/wp-content\/uploads\/2024\/12\/WhatsApp-Image-2024-12-02-at-21.33.43-750x1000.jpeg 750w, https:\/\/ifdc4-juj.infd.edu.ar\/sitio\/wp-content\/uploads\/2024\/12\/WhatsApp-Image-2024-12-02-at-21.33.43-768x1024.jpeg 768w\" sizes=\"(max-width: 960px) 100vw, 960px\" \/><\/figure>\n\n\n\n<figure class=\"wp-block-image size-full\"><img decoding=\"async\" loading=\"lazy\" width=\"960\" height=\"1280\" src=\"https:\/\/ifdc4-juj.infd.edu.ar\/sitio\/wp-content\/uploads\/2024\/12\/WhatsApp-Image-2024-12-02-at-21.33.44-1.jpeg\" alt=\"\" class=\"wp-image-2900\" srcset=\"https:\/\/ifdc4-juj.infd.edu.ar\/sitio\/wp-content\/uploads\/2024\/12\/WhatsApp-Image-2024-12-02-at-21.33.44-1.jpeg 960w, https:\/\/ifdc4-juj.infd.edu.ar\/sitio\/wp-content\/uploads\/2024\/12\/WhatsApp-Image-2024-12-02-at-21.33.44-1-750x1000.jpeg 750w, https:\/\/ifdc4-juj.infd.edu.ar\/sitio\/wp-content\/uploads\/2024\/12\/WhatsApp-Image-2024-12-02-at-21.33.44-1-768x1024.jpeg 768w\" sizes=\"(max-width: 960px) 100vw, 960px\" \/><\/figure>\n\n\n\n<figure class=\"wp-block-image size-full\"><img decoding=\"async\" loading=\"lazy\" width=\"960\" height=\"1280\" src=\"https:\/\/ifdc4-juj.infd.edu.ar\/sitio\/wp-content\/uploads\/2024\/12\/WhatsApp-Image-2024-12-02-at-21.33.44-2.jpeg\" alt=\"\" class=\"wp-image-2901\" srcset=\"https:\/\/ifdc4-juj.infd.edu.ar\/sitio\/wp-content\/uploads\/2024\/12\/WhatsApp-Image-2024-12-02-at-21.33.44-2.jpeg 960w, https:\/\/ifdc4-juj.infd.edu.ar\/sitio\/wp-content\/uploads\/2024\/12\/WhatsApp-Image-2024-12-02-at-21.33.44-2-750x1000.jpeg 750w, https:\/\/ifdc4-juj.infd.edu.ar\/sitio\/wp-content\/uploads\/2024\/12\/WhatsApp-Image-2024-12-02-at-21.33.44-2-768x1024.jpeg 768w\" sizes=\"(max-width: 960px) 100vw, 960px\" \/><\/figure>\n\n\n\n<figure class=\"wp-block-image size-full\"><img decoding=\"async\" loading=\"lazy\" width=\"960\" height=\"1280\" src=\"https:\/\/ifdc4-juj.infd.edu.ar\/sitio\/wp-content\/uploads\/2024\/12\/WhatsApp-Image-2024-12-02-at-21.33.44.jpeg\" alt=\"\" class=\"wp-image-2902\" srcset=\"https:\/\/ifdc4-juj.infd.edu.ar\/sitio\/wp-content\/uploads\/2024\/12\/WhatsApp-Image-2024-12-02-at-21.33.44.jpeg 960w, https:\/\/ifdc4-juj.infd.edu.ar\/sitio\/wp-content\/uploads\/2024\/12\/WhatsApp-Image-2024-12-02-at-21.33.44-750x1000.jpeg 750w, https:\/\/ifdc4-juj.infd.edu.ar\/sitio\/wp-content\/uploads\/2024\/12\/WhatsApp-Image-2024-12-02-at-21.33.44-768x1024.jpeg 768w\" sizes=\"(max-width: 960px) 100vw, 960px\" \/><\/figure>\n\n\n\n<p>En los meses de junio y Julio del corriente a\u00f1o<\/p>\n\n\n\n<p>Las actividades se realizaron con los alumnos de la catedra de juegos ludo motrices de primer a\u00f1o, y la catedra de gesti\u00f3n y organizaci\u00f3n de eventos y espacios de cuarto a\u00f1o de la instituci\u00f3n y iES N4, en l el gym de la Escuela Belgrano, y el gym del hospital de ni\u00f1os y el gym del hospital Pablo Soria,<\/p>\n\n\n\n<figure class=\"wp-block-image size-full\"><img decoding=\"async\" loading=\"lazy\" width=\"1200\" height=\"1600\" src=\"https:\/\/ifdc4-juj.infd.edu.ar\/sitio\/wp-content\/uploads\/2024\/12\/WhatsApp-Image-2024-12-02-at-21.34.56-1.jpeg\" alt=\"\" class=\"wp-image-2903\" srcset=\"https:\/\/ifdc4-juj.infd.edu.ar\/sitio\/wp-content\/uploads\/2024\/12\/WhatsApp-Image-2024-12-02-at-21.34.56-1.jpeg 1200w, https:\/\/ifdc4-juj.infd.edu.ar\/sitio\/wp-content\/uploads\/2024\/12\/WhatsApp-Image-2024-12-02-at-21.34.56-1-750x1000.jpeg 750w, https:\/\/ifdc4-juj.infd.edu.ar\/sitio\/wp-content\/uploads\/2024\/12\/WhatsApp-Image-2024-12-02-at-21.34.56-1-768x1024.jpeg 768w, https:\/\/ifdc4-juj.infd.edu.ar\/sitio\/wp-content\/uploads\/2024\/12\/WhatsApp-Image-2024-12-02-at-21.34.56-1-1152x1536.jpeg 1152w\" sizes=\"(max-width: 1200px) 100vw, 1200px\" \/><\/figure>\n\n\n\n<figure class=\"wp-block-image size-full\"><img decoding=\"async\" loading=\"lazy\" width=\"720\" height=\"952\" src=\"https:\/\/ifdc4-juj.infd.edu.ar\/sitio\/wp-content\/uploads\/2024\/12\/WhatsApp-Image-2024-12-02-at-21.34.56.jpeg\" alt=\"\" class=\"wp-image-2904\"\/><\/figure>\n\n\n\n<figure class=\"wp-block-image size-full\"><img decoding=\"async\" loading=\"lazy\" width=\"1600\" height=\"1200\" src=\"https:\/\/ifdc4-juj.infd.edu.ar\/sitio\/wp-content\/uploads\/2024\/12\/WhatsApp-Image-2024-12-02-at-21.34.57-1.jpeg\" alt=\"\" class=\"wp-image-2905\" srcset=\"https:\/\/ifdc4-juj.infd.edu.ar\/sitio\/wp-content\/uploads\/2024\/12\/WhatsApp-Image-2024-12-02-at-21.34.57-1.jpeg 1600w, https:\/\/ifdc4-juj.infd.edu.ar\/sitio\/wp-content\/uploads\/2024\/12\/WhatsApp-Image-2024-12-02-at-21.34.57-1-1000x750.jpeg 1000w, https:\/\/ifdc4-juj.infd.edu.ar\/sitio\/wp-content\/uploads\/2024\/12\/WhatsApp-Image-2024-12-02-at-21.34.57-1-768x576.jpeg 768w, https:\/\/ifdc4-juj.infd.edu.ar\/sitio\/wp-content\/uploads\/2024\/12\/WhatsApp-Image-2024-12-02-at-21.34.57-1-1536x1152.jpeg 1536w\" sizes=\"(max-width: 1600px) 100vw, 1600px\" \/><\/figure>\n\n\n\n<figure class=\"wp-block-image size-full\"><img decoding=\"async\" loading=\"lazy\" width=\"1600\" height=\"1200\" src=\"https:\/\/ifdc4-juj.infd.edu.ar\/sitio\/wp-content\/uploads\/2024\/12\/WhatsApp-Image-2024-12-02-at-21.34.57.jpeg\" alt=\"\" class=\"wp-image-2906\" srcset=\"https:\/\/ifdc4-juj.infd.edu.ar\/sitio\/wp-content\/uploads\/2024\/12\/WhatsApp-Image-2024-12-02-at-21.34.57.jpeg 1600w, https:\/\/ifdc4-juj.infd.edu.ar\/sitio\/wp-content\/uploads\/2024\/12\/WhatsApp-Image-2024-12-02-at-21.34.57-1000x750.jpeg 1000w, https:\/\/ifdc4-juj.infd.edu.ar\/sitio\/wp-content\/uploads\/2024\/12\/WhatsApp-Image-2024-12-02-at-21.34.57-768x576.jpeg 768w, https:\/\/ifdc4-juj.infd.edu.ar\/sitio\/wp-content\/uploads\/2024\/12\/WhatsApp-Image-2024-12-02-at-21.34.57-1536x1152.jpeg 1536w\" sizes=\"(max-width: 1600px) 100vw, 1600px\" \/><\/figure>\n\n\n\n<p><\/p>\n\n\n\n<p>Por la c\u00e1tedra de handball se fue arreglado con la escuela de mina un encuentro de varones y mujeres, en la que se jugaron dos partidos donde el instituto en femenino obtuvo la victoria pero ante todo lo mejor fue experiencia y conocimiento sobre la materia, los varones no corrieron la misma suerte ,pero s\u00ed tuvieron la misma experiencia, y disfrutaron much\u00edsimo el encuentro deportivo, que se volver\u00e1 a repetir en tres semanas gracias a lo que lo disfrutaron.<\/p>\n\n\n\n<p>Se jug\u00f3 el 29 de octubre en la cancha de la escuela de mina de 8:30 a 12:30 varones y mujeres encuentros deportivos con escuelas secundarias<\/p>\n\n\n\n<figure class=\"wp-block-image size-full\"><img decoding=\"async\" loading=\"lazy\" width=\"960\" height=\"1280\" src=\"https:\/\/ifdc4-juj.infd.edu.ar\/sitio\/wp-content\/uploads\/2024\/12\/WhatsApp-Image-2024-12-02-at-21.35.20.jpeg\" alt=\"\" class=\"wp-image-2907\" srcset=\"https:\/\/ifdc4-juj.infd.edu.ar\/sitio\/wp-content\/uploads\/2024\/12\/WhatsApp-Image-2024-12-02-at-21.35.20.jpeg 960w, https:\/\/ifdc4-juj.infd.edu.ar\/sitio\/wp-content\/uploads\/2024\/12\/WhatsApp-Image-2024-12-02-at-21.35.20-750x1000.jpeg 750w, https:\/\/ifdc4-juj.infd.edu.ar\/sitio\/wp-content\/uploads\/2024\/12\/WhatsApp-Image-2024-12-02-at-21.35.20-768x1024.jpeg 768w\" sizes=\"(max-width: 960px) 100vw, 960px\" \/><\/figure>\n\n\n\n<figure class=\"wp-block-image size-full\"><img decoding=\"async\" loading=\"lazy\" width=\"960\" height=\"1280\" src=\"https:\/\/ifdc4-juj.infd.edu.ar\/sitio\/wp-content\/uploads\/2024\/12\/WhatsApp-Image-2024-12-02-at-21.35.21-1.jpeg\" alt=\"\" class=\"wp-image-2908\" srcset=\"https:\/\/ifdc4-juj.infd.edu.ar\/sitio\/wp-content\/uploads\/2024\/12\/WhatsApp-Image-2024-12-02-at-21.35.21-1.jpeg 960w, https:\/\/ifdc4-juj.infd.edu.ar\/sitio\/wp-content\/uploads\/2024\/12\/WhatsApp-Image-2024-12-02-at-21.35.21-1-750x1000.jpeg 750w, https:\/\/ifdc4-juj.infd.edu.ar\/sitio\/wp-content\/uploads\/2024\/12\/WhatsApp-Image-2024-12-02-at-21.35.21-1-768x1024.jpeg 768w\" sizes=\"(max-width: 960px) 100vw, 960px\" \/><\/figure>\n\n\n\n<figure class=\"wp-block-image size-large\"><img decoding=\"async\" loading=\"lazy\" width=\"1070\" height=\"1900\" src=\"https:\/\/ifdc4-juj.infd.edu.ar\/sitio\/wp-content\/uploads\/2024\/12\/WhatsApp-Image-2024-12-02-at-21.35.21-2-1070x1900.jpeg\" alt=\"\" class=\"wp-image-2909\" srcset=\"https:\/\/ifdc4-juj.infd.edu.ar\/sitio\/wp-content\/uploads\/2024\/12\/WhatsApp-Image-2024-12-02-at-21.35.21-2-1070x1900.jpeg 1070w, https:\/\/ifdc4-juj.infd.edu.ar\/sitio\/wp-content\/uploads\/2024\/12\/WhatsApp-Image-2024-12-02-at-21.35.21-2-563x1000.jpeg 563w, https:\/\/ifdc4-juj.infd.edu.ar\/sitio\/wp-content\/uploads\/2024\/12\/WhatsApp-Image-2024-12-02-at-21.35.21-2-768x1364.jpeg 768w, https:\/\/ifdc4-juj.infd.edu.ar\/sitio\/wp-content\/uploads\/2024\/12\/WhatsApp-Image-2024-12-02-at-21.35.21-2-865x1536.jpeg 865w, https:\/\/ifdc4-juj.infd.edu.ar\/sitio\/wp-content\/uploads\/2024\/12\/WhatsApp-Image-2024-12-02-at-21.35.21-2-1153x2048.jpeg 1153w, https:\/\/ifdc4-juj.infd.edu.ar\/sitio\/wp-content\/uploads\/2024\/12\/WhatsApp-Image-2024-12-02-at-21.35.21-2-scaled.jpeg 1441w\" sizes=\"(max-width: 1070px) 100vw, 1070px\" \/><\/figure>\n\n\n\n<figure class=\"wp-block-image size-full\"><img decoding=\"async\" loading=\"lazy\" width=\"960\" height=\"1280\" src=\"https:\/\/ifdc4-juj.infd.edu.ar\/sitio\/wp-content\/uploads\/2024\/12\/WhatsApp-Image-2024-12-02-at-21.35.21.jpeg\" alt=\"\" class=\"wp-image-2910\" srcset=\"https:\/\/ifdc4-juj.infd.edu.ar\/sitio\/wp-content\/uploads\/2024\/12\/WhatsApp-Image-2024-12-02-at-21.35.21.jpeg 960w, https:\/\/ifdc4-juj.infd.edu.ar\/sitio\/wp-content\/uploads\/2024\/12\/WhatsApp-Image-2024-12-02-at-21.35.21-750x1000.jpeg 750w, https:\/\/ifdc4-juj.infd.edu.ar\/sitio\/wp-content\/uploads\/2024\/12\/WhatsApp-Image-2024-12-02-at-21.35.21-768x1024.jpeg 768w\" sizes=\"(max-width: 960px) 100vw, 960px\" \/><\/figure>\n\n\n\n<figure class=\"wp-block-image size-large\"><img decoding=\"async\" loading=\"lazy\" width=\"1900\" height=\"1070\" src=\"https:\/\/ifdc4-juj.infd.edu.ar\/sitio\/wp-content\/uploads\/2024\/12\/WhatsApp-Image-2024-12-02-at-21.35.22-1-1900x1070.jpeg\" alt=\"\" class=\"wp-image-2911\" srcset=\"https:\/\/ifdc4-juj.infd.edu.ar\/sitio\/wp-content\/uploads\/2024\/12\/WhatsApp-Image-2024-12-02-at-21.35.22-1-1900x1070.jpeg 1900w, https:\/\/ifdc4-juj.infd.edu.ar\/sitio\/wp-content\/uploads\/2024\/12\/WhatsApp-Image-2024-12-02-at-21.35.22-1-1000x563.jpeg 1000w, https:\/\/ifdc4-juj.infd.edu.ar\/sitio\/wp-content\/uploads\/2024\/12\/WhatsApp-Image-2024-12-02-at-21.35.22-1-768x432.jpeg 768w, https:\/\/ifdc4-juj.infd.edu.ar\/sitio\/wp-content\/uploads\/2024\/12\/WhatsApp-Image-2024-12-02-at-21.35.22-1-1536x865.jpeg 1536w, https:\/\/ifdc4-juj.infd.edu.ar\/sitio\/wp-content\/uploads\/2024\/12\/WhatsApp-Image-2024-12-02-at-21.35.22-1-2048x1153.jpeg 2048w\" sizes=\"(max-width: 1900px) 100vw, 1900px\" \/><\/figure>\n\n\n\n<figure class=\"wp-block-image size-large\"><img decoding=\"async\" loading=\"lazy\" width=\"1070\" height=\"1900\" src=\"https:\/\/ifdc4-juj.infd.edu.ar\/sitio\/wp-content\/uploads\/2024\/12\/WhatsApp-Image-2024-12-02-at-21.35.22-1070x1900.jpeg\" alt=\"\" class=\"wp-image-2912\" srcset=\"https:\/\/ifdc4-juj.infd.edu.ar\/sitio\/wp-content\/uploads\/2024\/12\/WhatsApp-Image-2024-12-02-at-21.35.22-1070x1900.jpeg 1070w, https:\/\/ifdc4-juj.infd.edu.ar\/sitio\/wp-content\/uploads\/2024\/12\/WhatsApp-Image-2024-12-02-at-21.35.22-563x1000.jpeg 563w, https:\/\/ifdc4-juj.infd.edu.ar\/sitio\/wp-content\/uploads\/2024\/12\/WhatsApp-Image-2024-12-02-at-21.35.22-768x1364.jpeg 768w, https:\/\/ifdc4-juj.infd.edu.ar\/sitio\/wp-content\/uploads\/2024\/12\/WhatsApp-Image-2024-12-02-at-21.35.22-865x1536.jpeg 865w, https:\/\/ifdc4-juj.infd.edu.ar\/sitio\/wp-content\/uploads\/2024\/12\/WhatsApp-Image-2024-12-02-at-21.35.22-1153x2048.jpeg 1153w, https:\/\/ifdc4-juj.infd.edu.ar\/sitio\/wp-content\/uploads\/2024\/12\/WhatsApp-Image-2024-12-02-at-21.35.22-scaled.jpeg 1441w\" sizes=\"(max-width: 1070px) 100vw, 1070px\" \/><\/figure>\n\n\n\n<p>M\u00e1s actividades\u2026<br>Bautismo de los primeros a\u00f1os<\/p>\n\n\n\n<figure class=\"wp-block-video\"><video controls src=\"https:\/\/ifdc4-juj.infd.edu.ar\/sitio\/wp-content\/uploads\/2024\/12\/WhatsApp-Video-2024-12-02-at-21.36.29-1-2.mp4\"><\/video><\/figure>\n","protected":false},"excerpt":{"rendered":"<p>Compartimos algunas de las actividades, muestras y proyectos de c\u00e1tedra de los profesorados realizadas a lo largo del presente a\u00f1o acad\u00e9mico. Stand Expo Educativa Profesorado de Educaci\u00f3n F\u00edsica en el d\u00eda los jardines En los meses de junio y Julio del corriente a\u00f1o Las actividades se realizaron con los alumnos de la catedra de juegos &#8230; <a title=\"Actividades Inst. Prof. de Educaci\u00f3n F\u00edsica\" class=\"read-more\" href=\"https:\/\/ifdc4-juj.infd.edu.ar\/sitio\/actividades-inst-prof-de-educacion-fisica\/\" aria-label=\"More on Actividades Inst. Prof. de Educaci\u00f3n F\u00edsica\">[+]<\/a><\/p>\n","protected":false},"author":788,"featured_media":0,"parent":0,"menu_order":0,"comment_status":"closed","ping_status":"closed","template":"","meta":[],"acf":[],"_links":{"self":[{"href":"https:\/\/ifdc4-juj.infd.edu.ar\/sitio\/wp-json\/wp\/v2\/pages\/2891"}],"collection":[{"href":"https:\/\/ifdc4-juj.infd.edu.ar\/sitio\/wp-json\/wp\/v2\/pages"}],"about":[{"href":"https:\/\/ifdc4-juj.infd.edu.ar\/sitio\/wp-json\/wp\/v2\/types\/page"}],"author":[{"embeddable":true,"href":"https:\/\/ifdc4-juj.infd.edu.ar\/sitio\/wp-json\/wp\/v2\/users\/788"}],"replies":[{"embeddable":true,"href":"https:\/\/ifdc4-juj.infd.edu.ar\/sitio\/wp-json\/wp\/v2\/comments?post=2891"}],"version-history":[{"count":1,"href":"https:\/\/ifdc4-juj.infd.edu.ar\/sitio\/wp-json\/wp\/v2\/pages\/2891\/revisions"}],"predecessor-version":[{"id":2918,"href":"https:\/\/ifdc4-juj.infd.edu.ar\/sitio\/wp-json\/wp\/v2\/pages\/2891\/revisions\/2918"}],"wp:attachment":[{"href":"https:\/\/ifdc4-juj.infd.edu.ar\/sitio\/wp-json\/wp\/v2\/media?parent=2891"}],"curies":[{"name":"wp","href":"https:\/\/api.w.org\/{rel}","templated":true}]}}