{"id":2657,"date":"2024-03-13T00:45:16","date_gmt":"2024-03-13T03:45:16","guid":{"rendered":"https:\/\/ifdc4-juj.infd.edu.ar\/sitio\/?page_id=2657"},"modified":"2026-03-30T11:51:10","modified_gmt":"2026-03-30T14:51:10","slug":"inscripcion-2024-para-cursar-2o-a-4o-ano-regulares-recursantes-de-1-a-4-asimilacion-y-pase-desde-otra-institucion","status":"publish","type":"page","link":"https:\/\/ifdc4-juj.infd.edu.ar\/sitio\/inscripcion-2024-para-cursar-2o-a-4o-ano-regulares-recursantes-de-1-a-4-asimilacion-y-pase-desde-otra-institucion\/","title":{"rendered":"INSCRIPCI\u00d3N 2026 PARA CURSAR \u00a02\u00ba a 4\u00ba A\u00d1O\u00bb REGULARES, RECURSANTES (de 1\u00b0 a 4\u00b0), ASIMILACION Y PASE (desde otra Instituci\u00f3n)"},"content":{"rendered":"\n<p><strong>Cer\u00e1mica<\/strong>: <a href=\"https:\/\/forms.gle\/iMF19WhyvuSArHJ6A\" target=\"_blank\" rel=\"noreferrer noopener\">https:\/\/forms.gle\/iMF19WhyvuSArHJ6A<\/a><br><strong>Escultura<\/strong>: <a href=\"https:\/\/forms.gle\/FhKb4F81we6oZcku6\" target=\"_blank\" rel=\"noreferrer noopener\">https:\/\/forms.gle\/FhKb4F81we6oZcku6<\/a><br><strong>Fotograf\u00eda<\/strong>:<a href=\"https:\/\/forms.gle\/iNpSD6N4CmAoAvZc6\" target=\"_blank\" rel=\"noreferrer noopener\"> https:\/\/forms.gle\/iNpSD6N4CmAoAvZc6<\/a><br><strong>Grabado<\/strong>: <a href=\"https:\/\/forms.gle\/zVVNAZAH4Ck49zDQA\" target=\"_blank\" rel=\"noreferrer noopener\">https:\/\/forms.gle\/zVVNAZAH4Ck49zDQA<\/a><br><strong>Pintura<\/strong>: <a href=\"https:\/\/forms.gle\/8H1ZLTZy9H8R1Ueb6\" target=\"_blank\" rel=\"noreferrer noopener\">https:\/\/forms.gle\/8H1ZLTZy9H8R1Ueb6<\/a><br><strong>Pintura Turno Ma\u00f1ana:<\/strong> <a href=\"https:\/\/forms.gle\/AqUVyKWuhkfWmQH88\" target=\"_blank\" rel=\"noreferrer noopener\">https:\/\/forms.gle\/AqUVyKWuhkfWmQH88<\/a><br><strong>Educaci\u00f3n F\u00edsica:<\/strong> <a href=\"https:\/\/forms.gle\/2fj3Y1Mz5dHnLqch9\" target=\"_blank\" rel=\"noreferrer noopener\">https:\/\/forms.gle\/2fj3Y1Mz5dHnLqch9<\/a><br><strong>Educaci\u00f3n F\u00edsica con orientaci\u00f3n<\/strong>:<a href=\"https:\/\/forms.gle\/11x2nmP2Xx93yGtKA\" target=\"_blank\" rel=\"noreferrer noopener\"> https:\/\/forms.gle\/11x2nmP2Xx93yGtKA<\/a><br><strong>Educaci\u00f3n Primaria:<\/strong> <a href=\"https:\/\/forms.gle\/pu7cGkbR2n1w8b14A\" target=\"_blank\" rel=\"noreferrer noopener\">https:\/\/forms.gle\/pu7cGkbR2n1w8b14A<\/a><br><strong>Ingles<\/strong>: <a href=\"https:\/\/forms.gle\/yr6Wd7pn4erGdJMu8\" target=\"_blank\" rel=\"noreferrer noopener\">https:\/\/forms.gle\/yr6Wd7pn4erGdJMu8<\/a><br><strong>Frances<\/strong>: <a href=\"https:\/\/forms.gle\/K1YyDtzUE8uaWqa36\" target=\"_blank\" rel=\"noreferrer noopener\">https:\/\/forms.gle\/K1YyDtzUE8uaWqa36<\/a><br><strong>Portugu\u00e9s<\/strong>: <a href=\"https:\/\/forms.gle\/9YNKk6FqRtjcFZ6SA\" target=\"_blank\" rel=\"noreferrer noopener\">https:\/\/forms.gle\/9YNKk6FqRtjcFZ6SA<\/a><br><strong>Teatro<\/strong>: <a href=\"https:\/\/forms.gle\/U1P4DPYQ2XjLnADW9\" target=\"_blank\" rel=\"noreferrer noopener\">https:\/\/forms.gle\/U1P4DPYQ2XjLnADW9<\/a><\/p>\n\n\n\n<p><\/p>\n","protected":false},"excerpt":{"rendered":"<p>Cer\u00e1mica: https:\/\/forms.gle\/iMF19WhyvuSArHJ6AEscultura: https:\/\/forms.gle\/FhKb4F81we6oZcku6Fotograf\u00eda: https:\/\/forms.gle\/iNpSD6N4CmAoAvZc6Grabado: https:\/\/forms.gle\/zVVNAZAH4Ck49zDQAPintura: https:\/\/forms.gle\/8H1ZLTZy9H8R1Ueb6Pintura Turno Ma\u00f1ana: https:\/\/forms.gle\/AqUVyKWuhkfWmQH88Educaci\u00f3n F\u00edsica: https:\/\/forms.gle\/2fj3Y1Mz5dHnLqch9Educaci\u00f3n F\u00edsica con orientaci\u00f3n: https:\/\/forms.gle\/11x2nmP2Xx93yGtKAEducaci\u00f3n Primaria: https:\/\/forms.gle\/pu7cGkbR2n1w8b14AIngles: https:\/\/forms.gle\/yr6Wd7pn4erGdJMu8Frances: https:\/\/forms.gle\/K1YyDtzUE8uaWqa36Portugu\u00e9s: https:\/\/forms.gle\/9YNKk6FqRtjcFZ6SATeatro: https:\/\/forms.gle\/U1P4DPYQ2XjLnADW9<\/p>\n","protected":false},"author":788,"featured_media":0,"parent":0,"menu_order":0,"comment_status":"closed","ping_status":"closed","template":"","meta":[],"acf":[],"_links":{"self":[{"href":"https:\/\/ifdc4-juj.infd.edu.ar\/sitio\/wp-json\/wp\/v2\/pages\/2657"}],"collection":[{"href":"https:\/\/ifdc4-juj.infd.edu.ar\/sitio\/wp-json\/wp\/v2\/pages"}],"about":[{"href":"https:\/\/ifdc4-juj.infd.edu.ar\/sitio\/wp-json\/wp\/v2\/types\/page"}],"author":[{"embeddable":true,"href":"https:\/\/ifdc4-juj.infd.edu.ar\/sitio\/wp-json\/wp\/v2\/users\/788"}],"replies":[{"embeddable":true,"href":"https:\/\/ifdc4-juj.infd.edu.ar\/sitio\/wp-json\/wp\/v2\/comments?post=2657"}],"version-history":[{"count":8,"href":"https:\/\/ifdc4-juj.infd.edu.ar\/sitio\/wp-json\/wp\/v2\/pages\/2657\/revisions"}],"predecessor-version":[{"id":3492,"href":"https:\/\/ifdc4-juj.infd.edu.ar\/sitio\/wp-json\/wp\/v2\/pages\/2657\/revisions\/3492"}],"wp:attachment":[{"href":"https:\/\/ifdc4-juj.infd.edu.ar\/sitio\/wp-json\/wp\/v2\/media?parent=2657"}],"curies":[{"name":"wp","href":"https:\/\/api.w.org\/{rel}","templated":true}]}}