{"id":1890,"date":"2021-11-26T20:26:04","date_gmt":"2021-11-26T23:26:04","guid":{"rendered":"https:\/\/ifdc4-juj.infd.edu.ar\/sitio\/?page_id=1890"},"modified":"2026-02-20T09:22:04","modified_gmt":"2026-02-20T12:22:04","slug":"mesas-de-examen","status":"publish","type":"page","link":"https:\/\/ifdc4-juj.infd.edu.ar\/sitio\/mesas-de-examen\/","title":{"rendered":"Mesas de Examen"},"content":{"rendered":"\n<p><\/p>\n\n\n\n<p class=\"has-text-align-center\"><strong>Fechas y Horarios de Ex\u00e1menes<\/strong><\/p>\n\n\n\n<figure class=\"wp-block-image alignwide size-full\"><img decoding=\"async\" loading=\"lazy\" width=\"1280\" height=\"127\" src=\"https:\/\/ifdc4-juj.infd.edu.ar\/sitio\/wp-content\/uploads\/2022\/03\/divider-gf9103f5ba_1280-3.png\" alt=\"\" class=\"wp-image-2141\" srcset=\"https:\/\/ifdc4-juj.infd.edu.ar\/sitio\/wp-content\/uploads\/2022\/03\/divider-gf9103f5ba_1280-3.png 1280w, https:\/\/ifdc4-juj.infd.edu.ar\/sitio\/wp-content\/uploads\/2022\/03\/divider-gf9103f5ba_1280-3-1000x99.png 1000w, https:\/\/ifdc4-juj.infd.edu.ar\/sitio\/wp-content\/uploads\/2022\/03\/divider-gf9103f5ba_1280-3-768x76.png 768w\" sizes=\"(max-width: 1280px) 100vw, 1280px\" \/><\/figure>\n\n\n\n<p class=\"has-text-align-center\"><strong><strong>PROFESORADO DE ARTES VISUALES<\/strong><\/strong><\/p>\n\n\n\n<p>Se comunica, que por razones de traslado de la instituci\u00f3n de <strong>Artes Visuales<\/strong> turno ma\u00f1ana y vespertino, sede G\u00fcemes a Ciudad de las Artes. Los ex\u00e1menes programados para la pr\u00f3xima semana e inclusive el inicio del cursillo de ingreso, ser\u00e1n reprogramados para otras fechas, y oportunamente ser\u00e1n publicados. Muchas gracias por su comprensi\u00f3n!<\/p>\n\n\n\n<figure class=\"wp-block-image alignwide size-full\"><img decoding=\"async\" loading=\"lazy\" width=\"1280\" height=\"127\" src=\"https:\/\/ifdc4-juj.infd.edu.ar\/sitio\/wp-content\/uploads\/2022\/03\/divider-gf9103f5ba_1280-3.png\" alt=\"\" class=\"wp-image-2141\" srcset=\"https:\/\/ifdc4-juj.infd.edu.ar\/sitio\/wp-content\/uploads\/2022\/03\/divider-gf9103f5ba_1280-3.png 1280w, https:\/\/ifdc4-juj.infd.edu.ar\/sitio\/wp-content\/uploads\/2022\/03\/divider-gf9103f5ba_1280-3-1000x99.png 1000w, https:\/\/ifdc4-juj.infd.edu.ar\/sitio\/wp-content\/uploads\/2022\/03\/divider-gf9103f5ba_1280-3-768x76.png 768w\" sizes=\"(max-width: 1280px) 100vw, 1280px\" \/><\/figure>\n\n\n\n<p class=\"has-text-align-center\"><strong><strong>PROFESORADO DE TEATRO<\/strong><\/strong><\/p>\n\n\n\n<div class=\"wp-block-file\"><object class=\"wp-block-file__embed\" data=\"https:\/\/ifdc4-juj.infd.edu.ar\/sitio\/wp-content\/uploads\/2026\/02\/TEATRO-MESA-FEB-MAR.2026.pdf\" type=\"application\/pdf\" style=\"width:100%;height:600px\" aria-label=\"Incrustado de TEATRO-MESA-FEB-MAR.2026.\"><\/object><a id=\"wp-block-file--media-a7507f79-e4cf-4389-bc34-0448561dafac\" href=\"https:\/\/ifdc4-juj.infd.edu.ar\/sitio\/wp-content\/uploads\/2026\/02\/TEATRO-MESA-FEB-MAR.2026.pdf\">TEATRO-MESA-FEB-MAR.2026<\/a><a href=\"https:\/\/ifdc4-juj.infd.edu.ar\/sitio\/wp-content\/uploads\/2026\/02\/TEATRO-MESA-FEB-MAR.2026.pdf\" class=\"wp-block-file__button wp-element-button\" download aria-describedby=\"wp-block-file--media-a7507f79-e4cf-4389-bc34-0448561dafac\">Descarga<\/a><\/div>\n\n\n\n<figure class=\"wp-block-image alignwide size-full\"><img decoding=\"async\" loading=\"lazy\" width=\"1280\" height=\"127\" src=\"https:\/\/ifdc4-juj.infd.edu.ar\/sitio\/wp-content\/uploads\/2022\/03\/divider-gf9103f5ba_1280-3.png\" alt=\"\" class=\"wp-image-2141\" srcset=\"https:\/\/ifdc4-juj.infd.edu.ar\/sitio\/wp-content\/uploads\/2022\/03\/divider-gf9103f5ba_1280-3.png 1280w, https:\/\/ifdc4-juj.infd.edu.ar\/sitio\/wp-content\/uploads\/2022\/03\/divider-gf9103f5ba_1280-3-1000x99.png 1000w, https:\/\/ifdc4-juj.infd.edu.ar\/sitio\/wp-content\/uploads\/2022\/03\/divider-gf9103f5ba_1280-3-768x76.png 768w\" sizes=\"(max-width: 1280px) 100vw, 1280px\" \/><\/figure>\n\n\n\n<p class=\"has-text-align-center\"><strong><strong>PROFESORADO DE INGL\u00c9S<\/strong><\/strong><\/p>\n\n\n\n<p><\/p>\n\n\n\n<figure class=\"wp-block-image alignwide size-full\"><img decoding=\"async\" loading=\"lazy\" width=\"1280\" height=\"127\" src=\"https:\/\/ifdc4-juj.infd.edu.ar\/sitio\/wp-content\/uploads\/2022\/03\/divider-gf9103f5ba_1280-3.png\" alt=\"\" class=\"wp-image-2141\" srcset=\"https:\/\/ifdc4-juj.infd.edu.ar\/sitio\/wp-content\/uploads\/2022\/03\/divider-gf9103f5ba_1280-3.png 1280w, https:\/\/ifdc4-juj.infd.edu.ar\/sitio\/wp-content\/uploads\/2022\/03\/divider-gf9103f5ba_1280-3-1000x99.png 1000w, https:\/\/ifdc4-juj.infd.edu.ar\/sitio\/wp-content\/uploads\/2022\/03\/divider-gf9103f5ba_1280-3-768x76.png 768w\" sizes=\"(max-width: 1280px) 100vw, 1280px\" \/><\/figure>\n\n\n\n<p class=\"has-text-align-center\"><strong><strong>PROFESORADO DE PORTUGU\u00c9S<\/strong><\/strong><\/p>\n\n\n\n<div class=\"wp-block-file\"><a id=\"wp-block-file--media-f712a788-90ad-4aa0-836f-516daf1450f2\" href=\"https:\/\/ifdc4-juj.infd.edu.ar\/sitio\/wp-content\/uploads\/2026\/02\/PORTUGUES-TURNOS-DE-EXAMANES-MARZO-2026-3.docx\">PORTUGUES-TURNOS-DE-EXAMANES-MARZO-2026-3<\/a><a href=\"https:\/\/ifdc4-juj.infd.edu.ar\/sitio\/wp-content\/uploads\/2026\/02\/PORTUGUES-TURNOS-DE-EXAMANES-MARZO-2026-3.docx\" class=\"wp-block-file__button wp-element-button\" download aria-describedby=\"wp-block-file--media-f712a788-90ad-4aa0-836f-516daf1450f2\">Descarga<\/a><\/div>\n\n\n\n<figure class=\"wp-block-image alignwide size-full\"><img decoding=\"async\" loading=\"lazy\" width=\"1280\" height=\"127\" src=\"https:\/\/ifdc4-juj.infd.edu.ar\/sitio\/wp-content\/uploads\/2022\/03\/divider-gf9103f5ba_1280-3.png\" alt=\"\" class=\"wp-image-2141\" srcset=\"https:\/\/ifdc4-juj.infd.edu.ar\/sitio\/wp-content\/uploads\/2022\/03\/divider-gf9103f5ba_1280-3.png 1280w, https:\/\/ifdc4-juj.infd.edu.ar\/sitio\/wp-content\/uploads\/2022\/03\/divider-gf9103f5ba_1280-3-1000x99.png 1000w, https:\/\/ifdc4-juj.infd.edu.ar\/sitio\/wp-content\/uploads\/2022\/03\/divider-gf9103f5ba_1280-3-768x76.png 768w\" sizes=\"(max-width: 1280px) 100vw, 1280px\" \/><\/figure>\n\n\n\n<p class=\"has-text-align-center\"><strong>PROFESORADO DE EDUCACI\u00d3N PRIMARIA CON ORIENTACI\u00d3N EN EDUCACI\u00d3N RURAL<\/strong><\/p>\n\n\n\n<figure class=\"wp-block-image alignwide size-full\"><img decoding=\"async\" loading=\"lazy\" width=\"1280\" height=\"127\" src=\"https:\/\/ifdc4-juj.infd.edu.ar\/sitio\/wp-content\/uploads\/2022\/03\/divider-gf9103f5ba_1280-3.png\" alt=\"\" class=\"wp-image-2141\" srcset=\"https:\/\/ifdc4-juj.infd.edu.ar\/sitio\/wp-content\/uploads\/2022\/03\/divider-gf9103f5ba_1280-3.png 1280w, https:\/\/ifdc4-juj.infd.edu.ar\/sitio\/wp-content\/uploads\/2022\/03\/divider-gf9103f5ba_1280-3-1000x99.png 1000w, https:\/\/ifdc4-juj.infd.edu.ar\/sitio\/wp-content\/uploads\/2022\/03\/divider-gf9103f5ba_1280-3-768x76.png 768w\" sizes=\"(max-width: 1280px) 100vw, 1280px\" \/><\/figure>\n\n\n\n<p class=\"has-text-align-center\"><strong>PROFESORADO DE EDUCACI\u00d3N F\u00cdSICA<\/strong> <\/p>\n\n\n\n<div class=\"wp-block-file\"><a id=\"wp-block-file--media-ae44bdd1-3523-4511-95c7-2a0261e1ed65\" href=\"https:\/\/ifdc4-juj.infd.edu.ar\/sitio\/wp-content\/uploads\/2026\/02\/Educ.-Fisica-MESA-DE-EXAMEN-Marzo-2026-1.xlsx\">Educ.-Fisica-MESA-DE-EXAMEN-Marzo-2026-1<\/a><a href=\"https:\/\/ifdc4-juj.infd.edu.ar\/sitio\/wp-content\/uploads\/2026\/02\/Educ.-Fisica-MESA-DE-EXAMEN-Marzo-2026-1.xlsx\" class=\"wp-block-file__button wp-element-button\" download aria-describedby=\"wp-block-file--media-ae44bdd1-3523-4511-95c7-2a0261e1ed65\">Descarga<\/a><\/div>\n\n\n\n<figure class=\"wp-block-image alignwide size-full\"><img decoding=\"async\" loading=\"lazy\" width=\"1280\" height=\"127\" src=\"https:\/\/ifdc4-juj.infd.edu.ar\/sitio\/wp-content\/uploads\/2022\/03\/divider-gf9103f5ba_1280-3.png\" alt=\"\" class=\"wp-image-2141\" srcset=\"https:\/\/ifdc4-juj.infd.edu.ar\/sitio\/wp-content\/uploads\/2022\/03\/divider-gf9103f5ba_1280-3.png 1280w, https:\/\/ifdc4-juj.infd.edu.ar\/sitio\/wp-content\/uploads\/2022\/03\/divider-gf9103f5ba_1280-3-1000x99.png 1000w, https:\/\/ifdc4-juj.infd.edu.ar\/sitio\/wp-content\/uploads\/2022\/03\/divider-gf9103f5ba_1280-3-768x76.png 768w\" sizes=\"(max-width: 1280px) 100vw, 1280px\" \/><\/figure>\n\n\n\n<p class=\"has-text-align-center\"><strong>PROFESORADO DE FRANC\u00c9S<\/strong><\/p>\n\n\n\n<div class=\"wp-block-file\"><object class=\"wp-block-file__embed\" data=\"https:\/\/ifdc4-juj.infd.edu.ar\/sitio\/wp-content\/uploads\/2026\/02\/Frances-Examens-mars-2026-4.pdf\" type=\"application\/pdf\" style=\"width:100%;height:600px\" aria-label=\"Incrustado de Frances-Examens-mars-2026-4.\"><\/object><a id=\"wp-block-file--media-11376368-ba72-4922-88bf-3a10a3f94993\" href=\"https:\/\/ifdc4-juj.infd.edu.ar\/sitio\/wp-content\/uploads\/2026\/02\/Frances-Examens-mars-2026-4.pdf\">Frances-Examens-mars-2026-4<\/a><a href=\"https:\/\/ifdc4-juj.infd.edu.ar\/sitio\/wp-content\/uploads\/2026\/02\/Frances-Examens-mars-2026-4.pdf\" class=\"wp-block-file__button wp-element-button\" download aria-describedby=\"wp-block-file--media-11376368-ba72-4922-88bf-3a10a3f94993\">Descarga<\/a><\/div>\n","protected":false},"excerpt":{"rendered":"<p>Fechas y Horarios de Ex\u00e1menes PROFESORADO DE ARTES VISUALES Se comunica, que por razones de traslado de la instituci\u00f3n de Artes Visuales turno ma\u00f1ana y vespertino, sede G\u00fcemes a Ciudad de las Artes. Los ex\u00e1menes programados para la pr\u00f3xima semana e inclusive el inicio del cursillo de ingreso, ser\u00e1n reprogramados para otras fechas, y oportunamente &#8230; <a title=\"Mesas de Examen\" class=\"read-more\" href=\"https:\/\/ifdc4-juj.infd.edu.ar\/sitio\/mesas-de-examen\/\" aria-label=\"More on Mesas de Examen\">[+]<\/a><\/p>\n","protected":false},"author":788,"featured_media":0,"parent":0,"menu_order":0,"comment_status":"closed","ping_status":"closed","template":"","meta":[],"acf":[],"_links":{"self":[{"href":"https:\/\/ifdc4-juj.infd.edu.ar\/sitio\/wp-json\/wp\/v2\/pages\/1890"}],"collection":[{"href":"https:\/\/ifdc4-juj.infd.edu.ar\/sitio\/wp-json\/wp\/v2\/pages"}],"about":[{"href":"https:\/\/ifdc4-juj.infd.edu.ar\/sitio\/wp-json\/wp\/v2\/types\/page"}],"author":[{"embeddable":true,"href":"https:\/\/ifdc4-juj.infd.edu.ar\/sitio\/wp-json\/wp\/v2\/users\/788"}],"replies":[{"embeddable":true,"href":"https:\/\/ifdc4-juj.infd.edu.ar\/sitio\/wp-json\/wp\/v2\/comments?post=1890"}],"version-history":[{"count":37,"href":"https:\/\/ifdc4-juj.infd.edu.ar\/sitio\/wp-json\/wp\/v2\/pages\/1890\/revisions"}],"predecessor-version":[{"id":3451,"href":"https:\/\/ifdc4-juj.infd.edu.ar\/sitio\/wp-json\/wp\/v2\/pages\/1890\/revisions\/3451"}],"wp:attachment":[{"href":"https:\/\/ifdc4-juj.infd.edu.ar\/sitio\/wp-json\/wp\/v2\/media?parent=1890"}],"curies":[{"name":"wp","href":"https:\/\/api.w.org\/{rel}","templated":true}]}}