{"id":1813,"date":"2021-04-08T15:40:07","date_gmt":"2021-04-08T18:40:07","guid":{"rendered":"https:\/\/ifdc4-juj.infd.edu.ar\/sitio\/?page_id=1813"},"modified":"2026-03-12T10:33:45","modified_gmt":"2026-03-12T13:33:45","slug":"begup","status":"publish","type":"page","link":"https:\/\/ifdc4-juj.infd.edu.ar\/sitio\/begup\/","title":{"rendered":"BEGUP"},"content":{"rendered":"<h1>REQUISITOS A PRESENTAR EN LAS OFICINAS DEL BEGU<\/h1>\n<h3><b>BEGU: Nivel Terciario y Universitario<\/b><\/h3>\n<p data-start=\"696\" data-end=\"740\">&#x1f4c5;\u00a0<strong data-start=\"699\" data-end=\"715\">Inscripci\u00f3n:<\/strong>\u00a0del\u00a0<strong data-start=\"720\" data-end=\"740\">6 al 24 de abril<\/strong><\/p>\n<p data-start=\"696\" data-end=\"740\"><strong>Requisitos:<\/strong><\/p>\n<ul>\n<li style=\"list-style-type: none;\">\n<ul>\n<li>DNI original \u00faltimo ejemplar. IMPORTANTE: Se considera el domicilio que figura en el mismo.<\/li>\n<li>Constancia de alumno regular del a\u00f1o en curso, con el nombre y apellido del alumno, el curso o a\u00f1o y el per\u00edodo lectivo a cursar. La constancia deber\u00e1 estar sellada por la instituci\u00f3n y firmada por autoridad competente.<\/li>\n<li>En el nivel universitario la constancia deber\u00e1 indicar la calidad del alumno como activo simple o pleno<\/li>\n<\/ul>\n<\/li>\n<\/ul>\n<p><a href=\"http:\/\/begup.jujuy.gob.ar\/\">http:\/\/begup.jujuy.gob.ar\/<\/a><img decoding=\"async\" loading=\"lazy\" class=\"wp-image-1814 aligncenter\" src=\"https:\/\/ifdc4-juj.infd.edu.ar\/sitio\/wp-content\/uploads\/2021\/04\/untitled-1_222.png\" alt=\"\" width=\"237\" height=\"237\" \/><\/p>\n<h2>Los estudiantes que deseen obtener el <a href=\"https:\/\/ifdc4-juj.infd.edu.ar\/sitio\/wp-content\/uploads\/2021\/04\/BEGUP.pdf\">BEGUP<\/a> deber\u00e1n hacer llenar las materias aprobadas con su preceptor y llevarlo ante las oficinas del BEGUP Para obtener el beneficio<\/h2>\n<p style=\"text-align: center;\"><span style=\"color: #ff9900;\"><strong><em>Descarga:<\/em> <a style=\"color: #ff9900;\" href=\"https:\/\/ifdc4-juj.infd.edu.ar\/sitio\/wp-content\/uploads\/2021\/04\/BEGUP.pdf\"><span style=\"color: #3366ff;\">Certificado de materias aprobadas<\/span><\/a><\/strong><\/span><\/p>\n<p><img decoding=\"async\" loading=\"lazy\" class=\" wp-image-1816 aligncenter\" src=\"https:\/\/ifdc4-juj.infd.edu.ar\/sitio\/wp-content\/uploads\/2021\/04\/b.jpg\" alt=\"\" width=\"403\" height=\"571\" \/><\/p>\n<h1><\/h1>\n","protected":false},"excerpt":{"rendered":"<p>REQUISITOS A PRESENTAR EN LAS OFICINAS DEL BEGU BEGU: Nivel Terciario y Universitario &#x1f4c5;\u00a0Inscripci\u00f3n:\u00a0del\u00a06 al 24 de abril Requisitos: DNI original \u00faltimo ejemplar. IMPORTANTE: Se considera el domicilio que figura en el mismo. Constancia de alumno regular del a\u00f1o en curso, con el nombre y apellido del alumno, el curso o a\u00f1o y el per\u00edodo &#8230; <a title=\"BEGUP\" class=\"read-more\" href=\"https:\/\/ifdc4-juj.infd.edu.ar\/sitio\/begup\/\" aria-label=\"More on BEGUP\">[+]<\/a><\/p>\n","protected":false},"author":788,"featured_media":0,"parent":0,"menu_order":0,"comment_status":"closed","ping_status":"closed","template":"","meta":[],"acf":[],"_links":{"self":[{"href":"https:\/\/ifdc4-juj.infd.edu.ar\/sitio\/wp-json\/wp\/v2\/pages\/1813"}],"collection":[{"href":"https:\/\/ifdc4-juj.infd.edu.ar\/sitio\/wp-json\/wp\/v2\/pages"}],"about":[{"href":"https:\/\/ifdc4-juj.infd.edu.ar\/sitio\/wp-json\/wp\/v2\/types\/page"}],"author":[{"embeddable":true,"href":"https:\/\/ifdc4-juj.infd.edu.ar\/sitio\/wp-json\/wp\/v2\/users\/788"}],"replies":[{"embeddable":true,"href":"https:\/\/ifdc4-juj.infd.edu.ar\/sitio\/wp-json\/wp\/v2\/comments?post=1813"}],"version-history":[{"count":3,"href":"https:\/\/ifdc4-juj.infd.edu.ar\/sitio\/wp-json\/wp\/v2\/pages\/1813\/revisions"}],"predecessor-version":[{"id":3470,"href":"https:\/\/ifdc4-juj.infd.edu.ar\/sitio\/wp-json\/wp\/v2\/pages\/1813\/revisions\/3470"}],"wp:attachment":[{"href":"https:\/\/ifdc4-juj.infd.edu.ar\/sitio\/wp-json\/wp\/v2\/media?parent=1813"}],"curies":[{"name":"wp","href":"https:\/\/api.w.org\/{rel}","templated":true}]}}