{"id":1748,"date":"2021-03-02T11:58:22","date_gmt":"2021-03-02T14:58:22","guid":{"rendered":"https:\/\/ifdc4-juj.infd.edu.ar\/sitio\/?page_id=1748"},"modified":"2026-03-27T11:04:31","modified_gmt":"2026-03-27T14:04:31","slug":"secretaria-academica","status":"publish","type":"page","link":"https:\/\/ifdc4-juj.infd.edu.ar\/sitio\/secretaria-academica\/","title":{"rendered":"Secretaria Acad\u00e9mica"},"content":{"rendered":"<p style=\"text-align: center;\"><em><img decoding=\"async\" loading=\"lazy\" class=\"wp-image-1735 aligncenter\" src=\"https:\/\/ifdc4-juj.infd.edu.ar\/sitio\/wp-content\/uploads\/2021\/02\/logo-educacion.jpg\" alt=\"\" width=\"83\" height=\"62\" srcset=\"https:\/\/ifdc4-juj.infd.edu.ar\/sitio\/wp-content\/uploads\/2021\/02\/logo-educacion.jpg 800w, https:\/\/ifdc4-juj.infd.edu.ar\/sitio\/wp-content\/uploads\/2021\/02\/logo-educacion-768x569.jpg 768w\" sizes=\"(max-width: 83px) 100vw, 83px\" \/><\/em><\/p>\n<p style=\"margin: 0cm; text-align: center;\" align=\"center\">MINISTERIO DE EDUCACION<\/p>\n<p style=\"margin: 0cm; text-align: center;\" align=\"center\">INSTITUTO DE EDUCACION SUPERIOR N\u00b0 4<\/p>\n<p style=\"text-align: center;\">Ciudad de las Artes &#8211; C. Juntos en Jujuy<\/p>\n<p style=\"margin: 0cm; text-align: center;\" align=\"center\">\u00a0\u2013 T.E. 4236535<\/p>\n<p><img decoding=\"async\" loading=\"lazy\" class=\"wp-image-1284 aligncenter\" src=\"https:\/\/ifdc4-juj.infd.edu.ar\/sitio\/wp-content\/uploads\/2019\/12\/logoies4.png\" alt=\"\" width=\"121\" height=\"121\" srcset=\"https:\/\/ifdc4-juj.infd.edu.ar\/sitio\/wp-content\/uploads\/2019\/12\/logoies4.png 520w, https:\/\/ifdc4-juj.infd.edu.ar\/sitio\/wp-content\/uploads\/2019\/12\/logoies4-500x500.png 500w\" sizes=\"(max-width: 121px) 100vw, 121px\" \/><\/p>\n<h4 style=\"text-align: center;\"><strong>PLANES DE ESTUDIO 2020 Y R\u00c9GIMEN DE CORRELATIVIDADES DE <\/strong><\/h4>\n<h4 style=\"text-align: center;\"><strong>TODAS LAS CARRERAS,<\/strong><\/h4>\n<h4 style=\"text-align: center;\"><a href=\"https:\/\/drive.google.com\/drive\/folders\/1NuKYRy_6sdkkSszBn-A0x79S1KLKxeXb\"><strong> VER AQUI<\/strong><\/a><\/h4>\n<h4><strong> <img decoding=\"async\" loading=\"lazy\" class=\"alignnone  wp-image-2159 aligncenter\" src=\"https:\/\/ifdc4-juj.infd.edu.ar\/sitio\/wp-content\/uploads\/2022\/03\/descarga-3-1.jpg\" alt=\"\" width=\"124\" height=\"65\" \/><\/strong><\/h4>\n<p><img decoding=\"async\" loading=\"lazy\" class=\"wp-image-2141 aligncenter\" src=\"https:\/\/ifdc4-juj.infd.edu.ar\/sitio\/wp-content\/uploads\/2022\/03\/divider-gf9103f5ba_1280-3-1000x99.png\" alt=\"\" width=\"768\" height=\"76\" srcset=\"https:\/\/ifdc4-juj.infd.edu.ar\/sitio\/wp-content\/uploads\/2022\/03\/divider-gf9103f5ba_1280-3-1000x99.png 1000w, https:\/\/ifdc4-juj.infd.edu.ar\/sitio\/wp-content\/uploads\/2022\/03\/divider-gf9103f5ba_1280-3-768x76.png 768w, https:\/\/ifdc4-juj.infd.edu.ar\/sitio\/wp-content\/uploads\/2022\/03\/divider-gf9103f5ba_1280-3.png 1280w\" sizes=\"(max-width: 768px) 100vw, 768px\" \/><\/p>\n<p><img decoding=\"async\" loading=\"lazy\" class=\"alignnone size-medium wp-image-3489 aligncenter\" src=\"https:\/\/ifdc4-juj.infd.edu.ar\/sitio\/wp-content\/uploads\/2026\/03\/WhatsApp-Image-2026-03-27-at-10.47.56-517x1000.jpeg\" alt=\"\" width=\"517\" height=\"1000\" srcset=\"https:\/\/ifdc4-juj.infd.edu.ar\/sitio\/wp-content\/uploads\/2026\/03\/WhatsApp-Image-2026-03-27-at-10.47.56-517x1000.jpeg 517w, https:\/\/ifdc4-juj.infd.edu.ar\/sitio\/wp-content\/uploads\/2026\/03\/WhatsApp-Image-2026-03-27-at-10.47.56-768x1486.jpeg 768w, https:\/\/ifdc4-juj.infd.edu.ar\/sitio\/wp-content\/uploads\/2026\/03\/WhatsApp-Image-2026-03-27-at-10.47.56-794x1536.jpeg 794w, https:\/\/ifdc4-juj.infd.edu.ar\/sitio\/wp-content\/uploads\/2026\/03\/WhatsApp-Image-2026-03-27-at-10.47.56.jpeg 827w\" sizes=\"(max-width: 517px) 100vw, 517px\" \/><\/p>\n<p style=\"text-align: center;\"><strong>&#8211; SOLICITUDES de ASIMILACI\u00d3N Y EQUIVALENCIAS &#8211; PASE<\/strong><\/p>\n<p><a href=\"https:\/\/ifdc4-juj.infd.edu.ar\/sitio\/wp-content\/uploads\/2026\/03\/REQUISITOS-EQUIVALENCIA-ASIMILACION-2026.pdf\">REQUISITOS EQUIVALENCIA &#8211; ASIMILACION 2026<\/a><\/p>\n<p><strong><em>Pase para otra instituci\u00f3n desde el IES N\u00b04<\/em><\/strong><\/p>\n<p>-Nota solicitando pase a otra Instituci\u00f3n dirigida a la Vice Rector Prof. Iv\u00e1n Lopez.<\/p>\n<p>-Si es de otra provincia, el tr\u00e1mite demora m\u00e1s de un mes.<\/p>\n<p>-Debe solicitar anal\u00edtico.<\/p>\n<p>Nosotros<\/p>\n<ul>\n<li>Hacemos formulario de Pase.<\/li>\n<li>Damos da la Baja Administrativa<\/li>\n<li>Entregamos legajo.<\/li>\n<\/ul>\n<p><strong><em>Pase de otra Instituci\u00f3n al IES N\u00b04<\/em><\/strong><\/p>\n<p>-Nota solicitando admisi\u00f3n en la Instituci\u00f3n.<\/p>\n<p>-Formulario de Pase seg\u00fan Resoluci\u00f3n N\u00b059\/08 de Nivel Terciario NO de Universidad.<\/p>\n<p>-Anal\u00edtico con los Programas Autenticados de los espacios aprobados, si es de otra provincia deben estar Legalizados por Registro de T\u00edtulos.<\/p>\n<p>-Legajo completo que le dan en la otra Instituci\u00f3n.<\/p>\n<p style=\"text-align: right;\"><strong>\u00a0<\/strong><em>Secretaria\u00a0<\/em><i>Acad\u00e9mica<\/i><\/p>\n<p style=\"text-align: center;\"><img decoding=\"async\" loading=\"lazy\" class=\"wp-image-2141 aligncenter\" src=\"https:\/\/ifdc4-juj.infd.edu.ar\/sitio\/wp-content\/uploads\/2022\/03\/divider-gf9103f5ba_1280-3-1000x99.png\" alt=\"\" width=\"647\" height=\"64\" srcset=\"https:\/\/ifdc4-juj.infd.edu.ar\/sitio\/wp-content\/uploads\/2022\/03\/divider-gf9103f5ba_1280-3-1000x99.png 1000w, https:\/\/ifdc4-juj.infd.edu.ar\/sitio\/wp-content\/uploads\/2022\/03\/divider-gf9103f5ba_1280-3-768x76.png 768w, https:\/\/ifdc4-juj.infd.edu.ar\/sitio\/wp-content\/uploads\/2022\/03\/divider-gf9103f5ba_1280-3.png 1280w\" sizes=\"(max-width: 647px) 100vw, 647px\" \/><\/p>\n<p><strong>INSTITUTO DE EDUCACI\u00d3N SUPERIOR N\u00b04 A\u00d1O 2026<\/strong><\/p>\n<p><img decoding=\"async\" loading=\"lazy\" class=\"alignnone size-full wp-image-3473 aligncenter\" src=\"https:\/\/ifdc4-juj.infd.edu.ar\/sitio\/wp-content\/uploads\/2026\/03\/Captura-de-pantalla-2026-03-16-080029.png\" alt=\"\" width=\"668\" height=\"472\" \/><\/p>\n<p><img decoding=\"async\" loading=\"lazy\" class=\"alignnone size-full wp-image-3479 aligncenter\" src=\"https:\/\/ifdc4-juj.infd.edu.ar\/sitio\/wp-content\/uploads\/2026\/03\/Adscripcion.png\" alt=\"\" width=\"624\" height=\"466\" \/><\/p>\n<p><strong>ADSCRIPCI\u00d3N<\/strong><\/p>\n<p><strong>desde el 1 de abril al 24 de abril <\/strong>\u2013 2026 &#8211;<\/p>\n<p>Presentaci\u00f3n de solicitudes para adscripciones a las distintas Unidades Curriculares del 1\u00b0 Cuatrimestre y Anuales.<\/p>\n<p><strong>Requisitos<\/strong><\/p>\n<ul>\n<li>Titulo docente o anal\u00edtico<\/li>\n<li>Fotocopia de DNI<\/li>\n<li>Planilla Prontuarial<\/li>\n<li>Proyecto\/Propuesta de trabajo para la asignatura que se propone.<\/li>\n<li>Nota del docente <em><strong>Responsable del espacio curricular<\/strong><\/em> y Nota del <em><strong>Adscripto<\/strong><\/em><\/li>\n<\/ul>\n<p>Descargar: <a href=\"https:\/\/ifdc4-juj.infd.edu.ar\/sitio\/wp-content\/uploads\/2024\/04\/nota-Adscripcion.docx\">nota-Adscripci\u00f3n<\/a><\/p>\n<p>Descargar:\u00a0 <a href=\"https:\/\/ifdc4-juj.infd.edu.ar\/sitio\/wp-content\/uploads\/2024\/04\/Responsable-de-asignatura-Adscripcion.docx\">Responsable-de-asignatura-Adscripci\u00f3n<\/a><\/p>\n<p style=\"text-align: right;\"><strong>\u00a0<\/strong><em>Secretaria\u00a0<\/em><i>Acad\u00e9mica<\/i><\/p>\n<p><img decoding=\"async\" loading=\"lazy\" class=\"alignnone size-medium wp-image-2139 aligncenter\" src=\"https:\/\/ifdc4-juj.infd.edu.ar\/sitio\/wp-content\/uploads\/2022\/03\/divider-gf9103f5ba_1280-1-1000x99.png\" alt=\"\" width=\"1000\" height=\"99\" \/><\/p>\n","protected":false},"excerpt":{"rendered":"<p>MINISTERIO DE EDUCACION INSTITUTO DE EDUCACION SUPERIOR N\u00b0 4 Ciudad de las Artes &#8211; C. Juntos en Jujuy \u00a0\u2013 T.E. 4236535 PLANES DE ESTUDIO 2020 Y R\u00c9GIMEN DE CORRELATIVIDADES DE TODAS LAS CARRERAS, VER AQUI &#8211; SOLICITUDES de ASIMILACI\u00d3N Y EQUIVALENCIAS &#8211; PASE REQUISITOS EQUIVALENCIA &#8211; ASIMILACION 2026 Pase para otra instituci\u00f3n desde el IES &#8230; <a title=\"Secretaria Acad\u00e9mica\" class=\"read-more\" href=\"https:\/\/ifdc4-juj.infd.edu.ar\/sitio\/secretaria-academica\/\" aria-label=\"More on Secretaria Acad\u00e9mica\">[+]<\/a><\/p>\n","protected":false},"author":788,"featured_media":0,"parent":0,"menu_order":0,"comment_status":"closed","ping_status":"closed","template":"","meta":[],"acf":[],"_links":{"self":[{"href":"https:\/\/ifdc4-juj.infd.edu.ar\/sitio\/wp-json\/wp\/v2\/pages\/1748"}],"collection":[{"href":"https:\/\/ifdc4-juj.infd.edu.ar\/sitio\/wp-json\/wp\/v2\/pages"}],"about":[{"href":"https:\/\/ifdc4-juj.infd.edu.ar\/sitio\/wp-json\/wp\/v2\/types\/page"}],"author":[{"embeddable":true,"href":"https:\/\/ifdc4-juj.infd.edu.ar\/sitio\/wp-json\/wp\/v2\/users\/788"}],"replies":[{"embeddable":true,"href":"https:\/\/ifdc4-juj.infd.edu.ar\/sitio\/wp-json\/wp\/v2\/comments?post=1748"}],"version-history":[{"count":61,"href":"https:\/\/ifdc4-juj.infd.edu.ar\/sitio\/wp-json\/wp\/v2\/pages\/1748\/revisions"}],"predecessor-version":[{"id":3490,"href":"https:\/\/ifdc4-juj.infd.edu.ar\/sitio\/wp-json\/wp\/v2\/pages\/1748\/revisions\/3490"}],"wp:attachment":[{"href":"https:\/\/ifdc4-juj.infd.edu.ar\/sitio\/wp-json\/wp\/v2\/media?parent=1748"}],"curies":[{"name":"wp","href":"https:\/\/api.w.org\/{rel}","templated":true}]}}