{"id":1177,"date":"2018-08-30T19:49:29","date_gmt":"2018-08-30T22:49:29","guid":{"rendered":"https:\/\/ifdc4-juj.infd.edu.ar\/sitio\/prog-r-es-ar\/"},"modified":"2024-05-02T09:39:41","modified_gmt":"2024-05-02T12:39:41","slug":"prog-r-es-ar","status":"publish","type":"page","link":"https:\/\/ifdc4-juj.infd.edu.ar\/sitio\/prog-r-es-ar\/","title":{"rendered":"PROG.R.ES.AR"},"content":{"rendered":"<p style=\"text-align: center;\"><img decoding=\"async\" loading=\"lazy\" class=\"alignnone size-full wp-image-2802\" src=\"https:\/\/ifdc4-juj.infd.edu.ar\/sitio\/wp-content\/uploads\/2024\/05\/Captura-de-pantalla-2024-05-02-093246.png\" alt=\"\" width=\"405\" height=\"584\" \/><\/p>\n<p style=\"text-align: center;\"><i><b>Presentaci\u00f3n de\u00a0Documentaci\u00f3n<\/b><br \/>\n<b>Inscripci\u00f3n<\/b><\/i><\/p>\n<ul>\n<li><strong>Comprobante de Inscripci\u00f3n\u00a0<\/strong><\/li>\n<li><strong>Certificado de Materias Aprobadas<\/strong><\/li>\n<\/ul>\n<p>&#8211; Los estudiantes que tienen que renovar la solicitud de la beca deben completar los datos en la p\u00e1gina\u00a0<a href=\"https:\/\/becasprogresar.educacion.gob.ar\/\">https:\/\/becasprogresar.educacion.gob.ar\/<\/a><\/p>\n<p>&#8211; Completar las materias aprobadas <a href=\"https:\/\/ifdc4-juj.infd.edu.ar\/sitio\/wp-content\/uploads\/2020\/03\/Certificado-Materias-APROBADAS-2019.pdf\">Certificado Materias APROBADAS 2020<\/a>\u00a0del ultimo a\u00f1o firmada y sellada por tu preceptor \/ preceptora.\u00a0 \u00a0 El referente institucional Prof. Pablo Salas tambi\u00e9n puede firmar tu certificado de materias aprobadas presentando tu libreta estudiantil.<\/p>\n<p>&#8211; Una vez completado los datos de la inscripci\u00f3n o renovaci\u00f3n deber\u00e1s imprimir el <strong>comprobante<\/strong> y\u00a0 presentarlo junto con el <strong>certificado de materias aprobadas<\/strong> en sede Central del IES N\u00b04, (Santiba\u00f1ez 1400), al referente institucional de Becas Pablo Salas.<\/p>\n<p style=\"text-align: center;\">Informes tel Cel.: 3885053206<\/p>\n<p style=\"text-align: center;\"><img decoding=\"async\" loading=\"lazy\" src=\"http:\/\/universoguia.com\/wp-content\/uploads\/2015\/11\/progresar.jpg\" alt=\"Progresar\" width=\"339\" height=\"121\" border=\"0\" \/><\/p>\n","protected":false},"excerpt":{"rendered":"<p>Presentaci\u00f3n de\u00a0Documentaci\u00f3n Inscripci\u00f3n Comprobante de Inscripci\u00f3n\u00a0 Certificado de Materias Aprobadas &#8211; Los estudiantes que tienen que renovar la solicitud de la beca deben completar los datos en la p\u00e1gina\u00a0https:\/\/becasprogresar.educacion.gob.ar\/ &#8211; Completar las materias aprobadas Certificado Materias APROBADAS 2020\u00a0del ultimo a\u00f1o firmada y sellada por tu preceptor \/ preceptora.\u00a0 \u00a0 El referente institucional Prof. Pablo Salas &#8230; <a title=\"PROG.R.ES.AR\" class=\"read-more\" href=\"https:\/\/ifdc4-juj.infd.edu.ar\/sitio\/prog-r-es-ar\/\" aria-label=\"More on PROG.R.ES.AR\">[+]<\/a><\/p>\n","protected":false},"author":904,"featured_media":0,"parent":0,"menu_order":0,"comment_status":"closed","ping_status":"closed","template":"","meta":[],"acf":[],"_links":{"self":[{"href":"https:\/\/ifdc4-juj.infd.edu.ar\/sitio\/wp-json\/wp\/v2\/pages\/1177"}],"collection":[{"href":"https:\/\/ifdc4-juj.infd.edu.ar\/sitio\/wp-json\/wp\/v2\/pages"}],"about":[{"href":"https:\/\/ifdc4-juj.infd.edu.ar\/sitio\/wp-json\/wp\/v2\/types\/page"}],"author":[{"embeddable":true,"href":"https:\/\/ifdc4-juj.infd.edu.ar\/sitio\/wp-json\/wp\/v2\/users\/904"}],"replies":[{"embeddable":true,"href":"https:\/\/ifdc4-juj.infd.edu.ar\/sitio\/wp-json\/wp\/v2\/comments?post=1177"}],"version-history":[{"count":12,"href":"https:\/\/ifdc4-juj.infd.edu.ar\/sitio\/wp-json\/wp\/v2\/pages\/1177\/revisions"}],"predecessor-version":[{"id":2805,"href":"https:\/\/ifdc4-juj.infd.edu.ar\/sitio\/wp-json\/wp\/v2\/pages\/1177\/revisions\/2805"}],"wp:attachment":[{"href":"https:\/\/ifdc4-juj.infd.edu.ar\/sitio\/wp-json\/wp\/v2\/media?parent=1177"}],"curies":[{"name":"wp","href":"https:\/\/api.w.org\/{rel}","templated":true}]}}