{"id":1142,"date":"2018-08-30T19:49:11","date_gmt":"2018-08-30T22:49:11","guid":{"rendered":"https:\/\/ifdc4-juj.infd.edu.ar\/sitio\/informacion-para-el-ingreso\/"},"modified":"2024-12-18T19:53:18","modified_gmt":"2024-12-18T22:53:18","slug":"informacion-para-el-ingreso","status":"publish","type":"page","link":"https:\/\/ifdc4-juj.infd.edu.ar\/sitio\/informacion-para-el-ingreso\/","title":{"rendered":"PRE INSCRIPCION ingreso 2025"},"content":{"rendered":"\n<figure class=\"wp-block-image size-full\"><img decoding=\"async\" loading=\"lazy\" width=\"1080\" height=\"1350\" src=\"https:\/\/ifdc4-juj.infd.edu.ar\/sitio\/wp-content\/uploads\/2024\/12\/WhatsApp-Image-2024-12-18-at-13.19.48-1.jpeg\" alt=\"\" class=\"wp-image-2983\" srcset=\"https:\/\/ifdc4-juj.infd.edu.ar\/sitio\/wp-content\/uploads\/2024\/12\/WhatsApp-Image-2024-12-18-at-13.19.48-1.jpeg 1080w, https:\/\/ifdc4-juj.infd.edu.ar\/sitio\/wp-content\/uploads\/2024\/12\/WhatsApp-Image-2024-12-18-at-13.19.48-1-800x1000.jpeg 800w, https:\/\/ifdc4-juj.infd.edu.ar\/sitio\/wp-content\/uploads\/2024\/12\/WhatsApp-Image-2024-12-18-at-13.19.48-1-768x960.jpeg 768w\" sizes=\"(max-width: 1080px) 100vw, 1080px\" \/><\/figure>\n\n\n\n<figure class=\"wp-block-image size-full\"><img decoding=\"async\" loading=\"lazy\" width=\"1071\" height=\"1562\" src=\"https:\/\/ifdc4-juj.infd.edu.ar\/sitio\/wp-content\/uploads\/2024\/12\/WhatsApp-Image-2024-12-18-at-13.19.48.jpeg\" alt=\"\" class=\"wp-image-2985\" srcset=\"https:\/\/ifdc4-juj.infd.edu.ar\/sitio\/wp-content\/uploads\/2024\/12\/WhatsApp-Image-2024-12-18-at-13.19.48.jpeg 1071w, https:\/\/ifdc4-juj.infd.edu.ar\/sitio\/wp-content\/uploads\/2024\/12\/WhatsApp-Image-2024-12-18-at-13.19.48-686x1000.jpeg 686w, https:\/\/ifdc4-juj.infd.edu.ar\/sitio\/wp-content\/uploads\/2024\/12\/WhatsApp-Image-2024-12-18-at-13.19.48-768x1120.jpeg 768w, https:\/\/ifdc4-juj.infd.edu.ar\/sitio\/wp-content\/uploads\/2024\/12\/WhatsApp-Image-2024-12-18-at-13.19.48-1053x1536.jpeg 1053w\" sizes=\"(max-width: 1071px) 100vw, 1071px\" \/><\/figure>\n\n\n\n<p><strong>PREINSCRICPION CARRERAS DE NIVEL SUPERIOR<\/strong><\/p>\n\n\n\n<p>lunes 16 de diciembre se habilita la plataforma&nbsp;<strong>NEXO<\/strong>&nbsp;para generar alta de usuarios en la instancia de preinscripci\u00f3n a carreras de nivel superior de institutos de gesti\u00f3n estatal (IES).<\/p>\n\n\n\n<figure class=\"wp-block-image\"><img decoding=\"async\" loading=\"lazy\" width=\"946\" height=\"598\" src=\"https:\/\/ifdc4-juj.infd.edu.ar\/sitio\/wp-content\/uploads\/2024\/12\/nexo.png\" alt=\"\" class=\"wp-image-2960\" srcset=\"https:\/\/ifdc4-juj.infd.edu.ar\/sitio\/wp-content\/uploads\/2024\/12\/nexo.png 946w, https:\/\/ifdc4-juj.infd.edu.ar\/sitio\/wp-content\/uploads\/2024\/12\/nexo-768x485.png 768w\" sizes=\"(max-width: 946px) 100vw, 946px\" \/><\/figure>\n\n\n\n<p><a href=\"https:\/\/nexo.jujuy.edu.ar:4200\/#\/auth\/login\">Ingreso \u2013 Ministerio de Educaci\u00f3n<\/a><\/p>\n\n\n\n<p>A partir de las<strong>&nbsp;08.00 AM del d\u00eda mi\u00e9rcoles 18 de diciembre<\/strong>&nbsp;se podr\u00e1 realizar en la plataforma la preinscripci\u00f3n en la carrera de elecci\u00f3n.<\/p>\n\n\n\n<p>Una vez realizada la preinscripci\u00f3n en el sistema, en un plazo m\u00e1ximo de 48 hs h\u00e1biles se debe presentar la documentaci\u00f3n en la sede del instituto; cuando se corrobore la documentaci\u00f3n, la instituci\u00f3n confirmara la inscripci\u00f3n y proporcionara toda la informaci\u00f3n necesaria para continuar exitosamente el proceso.<\/p>\n\n\n\n<p>Tener en cuenta:<\/p>\n\n\n\n<ul>\n<li>Al momento de completar el alta de usuario colocar correctamente los datos (CUIL y Correo electr\u00f3nico)<\/li>\n\n\n\n<li>Las fechas que se habilita en la plataforma la pre inscripci\u00f3n de cada carrera<\/li>\n\n\n\n<li>Cada carrera tiene un cupo m\u00e1ximo, alcanzado ese cupo no se podr\u00e1 realizar la preinscripci\u00f3n<\/li>\n\n\n\n<li>Presentar la documentaci\u00f3n en tiempo y forma<\/li>\n\n\n\n<li>La preinscripci\u00f3n se puede realizar en mas de una carrera<\/li>\n<\/ul>\n\n\n\n<p>Cualquier inconveniente con la plataforma NEXO comunicarse:&nbsp;<a href=\"https:\/\/wa.me\/543884581033?text=Hola\"><strong><em>3884581033<\/em><\/strong><\/a>&nbsp;(Solo Whatsapp) o&nbsp;<a href=\"mailto:nexo@jujuy.edu.ar\"><strong><em>nexo@jujuy.edu.ar<\/em><\/strong><\/a><\/p>\n\n\n<div class=\"wp-block-image\">\n<figure class=\"aligncenter\"><img decoding=\"async\" loading=\"lazy\" width=\"1000\" height=\"99\" src=\"https:\/\/ifdc4-juj.infd.edu.ar\/sitio\/wp-content\/uploads\/2022\/03\/divider-gf9103f5ba_1280-3-1000x99.png\" alt=\"\" class=\"wp-image-2141\" srcset=\"https:\/\/ifdc4-juj.infd.edu.ar\/sitio\/wp-content\/uploads\/2022\/03\/divider-gf9103f5ba_1280-3-1000x99.png 1000w, https:\/\/ifdc4-juj.infd.edu.ar\/sitio\/wp-content\/uploads\/2022\/03\/divider-gf9103f5ba_1280-3-768x76.png 768w, https:\/\/ifdc4-juj.infd.edu.ar\/sitio\/wp-content\/uploads\/2022\/03\/divider-gf9103f5ba_1280-3.png 1280w\" sizes=\"(max-width: 1000px) 100vw, 1000px\" \/><\/figure><\/div>\n\n\n<p>INSTITUTO DE EDUCACION SUPERIOR N\u00b04<br>REQUISITOS PRE-INSCRIPCION 2025<br>1-Formulario de preinscripci\u00f3n NEXO<br>2-Fotoc de Titulo Secundario (autenticado x ministerio de Educ.), si es de otra provincia autenticado por Ministerio del Interior o Constancia de Titulo en Tramite (original)<br>3-DNI (original y fotocopia)<br>4-Planilla Prontuarial<br>5-Estudio Foni\u00e1trico<br>6- Ficha Medica (solo Educaci\u00f3n F\u00edsica)<br>7- Toda la documentaci\u00f3n en folio OFICIO<\/p>\n\n\n\n<p>Fecha de recepci\u00f3n de documentaci\u00f3n para confirmar la preinscripci\u00f3n:<\/p>\n\n\n\n<p>&nbsp;18, 19, 20, 26 y 27 de diciembre en Sede Central Av. Coronel Mariano Santib\u00e1\u00f1ez 1400, de 19 hs. a 22 hs.<\/p>\n\n\n<div class=\"wp-block-image\">\n<figure class=\"aligncenter\"><img decoding=\"async\" loading=\"lazy\" width=\"1000\" height=\"99\" src=\"https:\/\/ifdc4-juj.infd.edu.ar\/sitio\/wp-content\/uploads\/2022\/03\/divider-gf9103f5ba_1280-3-1000x99.png\" alt=\"\" class=\"wp-image-2141\" srcset=\"https:\/\/ifdc4-juj.infd.edu.ar\/sitio\/wp-content\/uploads\/2022\/03\/divider-gf9103f5ba_1280-3-1000x99.png 1000w, https:\/\/ifdc4-juj.infd.edu.ar\/sitio\/wp-content\/uploads\/2022\/03\/divider-gf9103f5ba_1280-3-768x76.png 768w, https:\/\/ifdc4-juj.infd.edu.ar\/sitio\/wp-content\/uploads\/2022\/03\/divider-gf9103f5ba_1280-3.png 1280w\" sizes=\"(max-width: 1000px) 100vw, 1000px\" \/><\/figure><\/div>","protected":false},"excerpt":{"rendered":"<p>PREINSCRICPION CARRERAS DE NIVEL SUPERIOR lunes 16 de diciembre se habilita la plataforma&nbsp;NEXO&nbsp;para generar alta de usuarios en la instancia de preinscripci\u00f3n a carreras de nivel superior de institutos de gesti\u00f3n estatal (IES). Ingreso \u2013 Ministerio de Educaci\u00f3n A partir de las&nbsp;08.00 AM del d\u00eda mi\u00e9rcoles 18 de diciembre&nbsp;se podr\u00e1 realizar en la plataforma la &#8230; <a title=\"PRE INSCRIPCION ingreso 2025\" class=\"read-more\" href=\"https:\/\/ifdc4-juj.infd.edu.ar\/sitio\/informacion-para-el-ingreso\/\" aria-label=\"More on PRE INSCRIPCION ingreso 2025\">[+]<\/a><\/p>\n","protected":false},"author":904,"featured_media":0,"parent":0,"menu_order":0,"comment_status":"closed","ping_status":"closed","template":"","meta":[],"acf":[],"_links":{"self":[{"href":"https:\/\/ifdc4-juj.infd.edu.ar\/sitio\/wp-json\/wp\/v2\/pages\/1142"}],"collection":[{"href":"https:\/\/ifdc4-juj.infd.edu.ar\/sitio\/wp-json\/wp\/v2\/pages"}],"about":[{"href":"https:\/\/ifdc4-juj.infd.edu.ar\/sitio\/wp-json\/wp\/v2\/types\/page"}],"author":[{"embeddable":true,"href":"https:\/\/ifdc4-juj.infd.edu.ar\/sitio\/wp-json\/wp\/v2\/users\/904"}],"replies":[{"embeddable":true,"href":"https:\/\/ifdc4-juj.infd.edu.ar\/sitio\/wp-json\/wp\/v2\/comments?post=1142"}],"version-history":[{"count":16,"href":"https:\/\/ifdc4-juj.infd.edu.ar\/sitio\/wp-json\/wp\/v2\/pages\/1142\/revisions"}],"predecessor-version":[{"id":2986,"href":"https:\/\/ifdc4-juj.infd.edu.ar\/sitio\/wp-json\/wp\/v2\/pages\/1142\/revisions\/2986"}],"wp:attachment":[{"href":"https:\/\/ifdc4-juj.infd.edu.ar\/sitio\/wp-json\/wp\/v2\/media?parent=1142"}],"curies":[{"name":"wp","href":"https:\/\/api.w.org\/{rel}","templated":true}]}}