{"id":1114,"date":"2018-08-30T19:48:58","date_gmt":"2018-08-30T22:48:58","guid":{"rendered":"https:\/\/ifdc4-juj.infd.edu.ar\/sitio\/autoridades\/"},"modified":"2025-10-06T09:10:13","modified_gmt":"2025-10-06T12:10:13","slug":"autoridades","status":"publish","type":"page","link":"https:\/\/ifdc4-juj.infd.edu.ar\/sitio\/autoridades\/","title":{"rendered":"Autoridades"},"content":{"rendered":"<p style=\"text-align: center;\"><strong> <img decoding=\"async\" loading=\"lazy\" class=\"alignnone  wp-image-2141\" src=\"https:\/\/ifdc4-juj.infd.edu.ar\/sitio\/wp-content\/uploads\/2022\/03\/divider-gf9103f5ba_1280-3-1000x99.png\" alt=\"\" width=\"283\" height=\"28\" srcset=\"https:\/\/ifdc4-juj.infd.edu.ar\/sitio\/wp-content\/uploads\/2022\/03\/divider-gf9103f5ba_1280-3-1000x99.png 1000w, https:\/\/ifdc4-juj.infd.edu.ar\/sitio\/wp-content\/uploads\/2022\/03\/divider-gf9103f5ba_1280-3-768x76.png 768w, https:\/\/ifdc4-juj.infd.edu.ar\/sitio\/wp-content\/uploads\/2022\/03\/divider-gf9103f5ba_1280-3.png 1280w\" sizes=\"(max-width: 283px) 100vw, 283px\" \/><img decoding=\"async\" loading=\"lazy\" class=\"alignnone  wp-image-1284\" src=\"https:\/\/ifdc4-juj.infd.edu.ar\/sitio\/wp-content\/uploads\/2019\/12\/logoies4.png\" alt=\"\" width=\"104\" height=\"104\" srcset=\"https:\/\/ifdc4-juj.infd.edu.ar\/sitio\/wp-content\/uploads\/2019\/12\/logoies4.png 520w, https:\/\/ifdc4-juj.infd.edu.ar\/sitio\/wp-content\/uploads\/2019\/12\/logoies4-500x500.png 500w\" sizes=\"(max-width: 104px) 100vw, 104px\" \/><img decoding=\"async\" loading=\"lazy\" class=\"alignnone  wp-image-2141\" src=\"https:\/\/ifdc4-juj.infd.edu.ar\/sitio\/wp-content\/uploads\/2022\/03\/divider-gf9103f5ba_1280-3-1000x99.png\" alt=\"\" width=\"283\" height=\"28\" srcset=\"https:\/\/ifdc4-juj.infd.edu.ar\/sitio\/wp-content\/uploads\/2022\/03\/divider-gf9103f5ba_1280-3-1000x99.png 1000w, https:\/\/ifdc4-juj.infd.edu.ar\/sitio\/wp-content\/uploads\/2022\/03\/divider-gf9103f5ba_1280-3-768x76.png 768w, https:\/\/ifdc4-juj.infd.edu.ar\/sitio\/wp-content\/uploads\/2022\/03\/divider-gf9103f5ba_1280-3.png 1280w\" sizes=\"(max-width: 283px) 100vw, 283px\" \/><\/strong><\/p>\n<p style=\"text-align: center;\"><span style=\"font-size: 12pt; font-family: arial, helvetica, sans-serif; background-color: #ffffff;\"><strong>Rectora<\/strong><\/span><\/p>\n<p style=\"text-align: center;\">Prof. Guzm\u00e1n Gabriela\u00a0<\/p>\n<p style=\"text-align: center;\"><span style=\"font-size: 12pt; font-family: arial, helvetica, sans-serif;\"><strong>Vicerrectores<\/strong><\/span><\/p>\n<p style=\"text-align: center;\">Prof. L\u00f3pez Iv\u00e1n<\/p>\n<p style=\"text-align: center;\"><span style=\"font-size: 12pt; font-family: arial, helvetica, sans-serif;\"><strong>Secretaria Acad\u00e9mica<\/strong><\/span><\/p>\n<p style=\"text-align: center;\">Prof. Gabriela Alejandra Michel<\/p>\n<p style=\"text-align: center;\"><span style=\"font-size: 12pt; font-family: arial, helvetica, sans-serif;\"><strong>Secretaria Administrativa<\/strong><\/span><\/p>\n<p style=\"text-align: center;\">Prof. Alfaro Griselda<\/p>\n<p style=\"text-align: center;\"><span style=\"font-size: 12pt; font-family: arial, helvetica, sans-serif;\"><strong>Pro Secretario\u00a0<\/strong><\/span><\/p>\n<p style=\"text-align: center;\">Prof.\u00a0Tolaba Claudia<\/p>\n<p style=\"text-align: center;\"><strong>Departamento Alumnos:<\/strong><\/p>\n<p style=\"text-align: center;\">Prof. Tolaba Claudia<\/p>\n<h2 style=\"text-align: center;\"><span style=\"font-size: 12pt; font-family: arial, helvetica, sans-serif;\"><strong>Coordinadores de Departamento<\/strong><\/span><\/h2>\n<p style=\"text-align: center;\"><span style=\"font-size: 12pt; font-family: arial, helvetica, sans-serif;\">\u00a0 \u00a0 \u00a0\u00a0<\/span><span style=\"font-size: 12pt; font-family: arial, helvetica, sans-serif;\">\u00a0<\/span><span style=\"font-size: 12pt; font-family: arial, helvetica, sans-serif;\"><strong>Formaci\u00f3n Inicial<\/strong>: Prof. Cejas Silvana Marcela<\/span><\/p>\n<p style=\"text-align: center;\"><span style=\"font-size: 12pt; font-family: arial, helvetica, sans-serif;\"><span style=\"font-family: arial, helvetica, sans-serif;\"><b>Investigaci\u00f3n<\/b><\/span><strong style=\"font-family: arial, helvetica, sans-serif; font-size: 12pt;\">:<\/strong><span style=\"font-family: arial, helvetica, sans-serif;\"><span style=\"font-size: 12pt;\"> Prof. Navarro V\u00edctor Orlando<\/span><\/span><\/span><\/p>\n<p style=\"text-align: center;\"><span style=\"font-size: 12pt; font-family: arial, helvetica, sans-serif;\"><span style=\"font-family: arial, helvetica, sans-serif;\"><span style=\"font-size: 12pt;\"><strong>Formaci\u00f3n Continua y desarrollo Profesional:<\/strong> Prof. Cervantes Mauricio Daniel<\/span><\/span><\/span><\/p>\n<p style=\"text-align: center;\"><span style=\"font-size: 12pt; font-family: arial, helvetica, sans-serif;\">\u00a0\u00a0<\/span><\/p>\n<p style=\"text-align: center;\"><span style=\"font-size: 12pt; font-family: arial, helvetica, sans-serif;\">\u00a0<strong>Coordinadores de Carrera<\/strong><\/span><\/p>\n<p style=\"text-align: center;\"><span style=\"font-size: 12pt; font-family: arial, helvetica, sans-serif;\">\u00a0\u00a0\u00a0\u00a0\u00a0\u00a0\u00a0\u00a0<em><strong> Profesorado de Franc\u00e9s<\/strong><\/em>:\u00a0 Prof. Zalazar Edith\u00a0<\/span><\/p>\n<p style=\"text-align: center;\"><span style=\"font-size: 12pt; font-family: arial, helvetica, sans-serif;\">\u00a0\u00a0\u00a0\u00a0\u00a0\u00a0\u00a0<strong>\u00a0 <em>Profesorado de Portugu\u00e9s<\/em><\/strong>: Prof. Paredes Anal\u00eda<\/span><\/p>\n<p style=\"text-align: center;\"><span style=\"font-size: 12pt; font-family: arial, helvetica, sans-serif;\">\u00a0\u00a0\u00a0<strong>\u00a0\u00a0\u00a0\u00a0\u00a0 <em>Profesorado de Educaci\u00f3n Primaria:<\/em><\/strong> Prof. Cardozo Graciela<\/span><\/p>\n<p style=\"text-align: center;\"><span style=\"font-size: 12pt; font-family: arial, helvetica, sans-serif;\">\u00a0\u00a0\u00a0\u00a0\u00a0\u00a0\u00a0\u00a0<em><strong> Profesorado de Artes Visuales:<\/strong><\/em> Prof. Azucena Mamani<\/span><\/p>\n<p style=\"text-align: center;\"><span style=\"font-size: 12pt; font-family: arial, helvetica, sans-serif;\">\u00a0\u00a0\u00a0\u00a0\u00a0\u00a0\u00a0\u00a0<em> <strong>Profesorado de\u00a0Educaci\u00f3n F\u00edsica<\/strong>:<\/em> Prof. Pablo Diaz<\/span><\/p>\n<p style=\"text-align: center;\"><span style=\"font-size: 12pt; font-family: arial, helvetica, sans-serif;\"><em><strong>Profesorado de Ingl\u00e9s<\/strong><\/em>: Prof. Sivila Ver\u00f3nica<\/span><\/p>\n<p style=\"text-align: center;\"><span style=\"font-size: 12pt; font-family: arial, helvetica, sans-serif;\"><em><strong>Profesorado de Teatro: <\/strong><\/em>Prof. Pablo Salas<\/span><\/p>\n<p style=\"text-align: center;\"><strong><span style=\"font-size: 12pt; font-family: arial, helvetica, sans-serif;\">CIPE<\/span><\/strong><\/p>\n<p style=\"text-align: center;\">\u00a0<\/p>\n<p style=\"text-align: center;\"><span style=\"font-size: 12pt; font-family: arial, helvetica, sans-serif;\"><strong>Correo oficial:<\/strong><\/span><\/p>\n<p style=\"text-align: center;\"><span style=\"font-size: 12pt; font-family: arial, helvetica, sans-serif;\"> ies4desjujuy@gmail.com<\/span><\/p>\n\n\n<figure class=\"wp-block-gallery has-nested-images columns-default is-cropped wp-block-gallery-1 is-layout-flex\"><\/figure>\n\n\n\n<figure class=\"wp-block-gallery has-nested-images columns-default is-cropped wp-block-gallery-3 is-layout-flex\"><\/figure>\n\n\n\n<figure class=\"wp-block-gallery has-nested-images columns-default is-cropped wp-block-gallery-5 is-layout-flex\"><\/figure>\n\n\n\n<figure class=\"wp-block-image\"><img alt=\"\"\/><\/figure>\n","protected":false},"excerpt":{"rendered":"<p>Rectora Prof. Guzm\u00e1n Gabriela\u00a0 Vicerrectores Prof. L\u00f3pez Iv\u00e1n Secretaria Acad\u00e9mica Prof. Gabriela Alejandra Michel Secretaria Administrativa Prof. Alfaro Griselda Pro Secretario\u00a0 Prof.\u00a0Tolaba Claudia Departamento Alumnos: Prof. Tolaba Claudia Coordinadores de Departamento \u00a0 \u00a0 \u00a0\u00a0\u00a0Formaci\u00f3n Inicial: Prof. Cejas Silvana Marcela Investigaci\u00f3n: Prof. Navarro V\u00edctor Orlando Formaci\u00f3n Continua y desarrollo Profesional: Prof. Cervantes Mauricio Daniel \u00a0\u00a0 \u00a0Coordinadores &#8230; <a title=\"Autoridades\" class=\"read-more\" href=\"https:\/\/ifdc4-juj.infd.edu.ar\/sitio\/autoridades\/\" aria-label=\"More on Autoridades\">[+]<\/a><\/p>\n","protected":false},"author":904,"featured_media":0,"parent":0,"menu_order":1,"comment_status":"closed","ping_status":"closed","template":"","meta":[],"acf":[],"_links":{"self":[{"href":"https:\/\/ifdc4-juj.infd.edu.ar\/sitio\/wp-json\/wp\/v2\/pages\/1114"}],"collection":[{"href":"https:\/\/ifdc4-juj.infd.edu.ar\/sitio\/wp-json\/wp\/v2\/pages"}],"about":[{"href":"https:\/\/ifdc4-juj.infd.edu.ar\/sitio\/wp-json\/wp\/v2\/types\/page"}],"author":[{"embeddable":true,"href":"https:\/\/ifdc4-juj.infd.edu.ar\/sitio\/wp-json\/wp\/v2\/users\/904"}],"replies":[{"embeddable":true,"href":"https:\/\/ifdc4-juj.infd.edu.ar\/sitio\/wp-json\/wp\/v2\/comments?post=1114"}],"version-history":[{"count":33,"href":"https:\/\/ifdc4-juj.infd.edu.ar\/sitio\/wp-json\/wp\/v2\/pages\/1114\/revisions"}],"predecessor-version":[{"id":3372,"href":"https:\/\/ifdc4-juj.infd.edu.ar\/sitio\/wp-json\/wp\/v2\/pages\/1114\/revisions\/3372"}],"wp:attachment":[{"href":"https:\/\/ifdc4-juj.infd.edu.ar\/sitio\/wp-json\/wp\/v2\/media?parent=1114"}],"curies":[{"name":"wp","href":"https:\/\/api.w.org\/{rel}","templated":true}]}}