{"id":1088,"date":"2018-08-30T19:48:50","date_gmt":"2018-08-30T22:48:50","guid":{"rendered":"https:\/\/ifdc4-juj.infd.edu.ar\/sitio\/departamento-alumnos\/"},"modified":"2026-01-06T12:01:22","modified_gmt":"2026-01-06T15:01:22","slug":"departamento-alumnos","status":"publish","type":"page","link":"https:\/\/ifdc4-juj.infd.edu.ar\/sitio\/departamento-alumnos\/","title":{"rendered":"Departamento Alumnos"},"content":{"rendered":"<div style=\"text-align: center;\">\n<blockquote>\n<p><img decoding=\"async\" loading=\"lazy\" title=\"Logo Departamentos Alumnos\" src=\"https:\/\/ifdc4-juj.infd.edu.ar\/sitio\/wp-content\/uploads\/2018\/08\/Logo_Dpto_Alumnos.gif\" alt=\"Logo Departamentos Alumnos\" width=\"482\" height=\"371\" border=\"0\" \/><img decoding=\"async\" loading=\"lazy\" class=\"alignnone size-medium wp-image-2141\" src=\"https:\/\/ifdc4-juj.infd.edu.ar\/sitio\/wp-content\/uploads\/2022\/03\/divider-gf9103f5ba_1280-3-1000x99.png\" alt=\"\" width=\"1000\" height=\"99\" srcset=\"https:\/\/ifdc4-juj.infd.edu.ar\/sitio\/wp-content\/uploads\/2022\/03\/divider-gf9103f5ba_1280-3-1000x99.png 1000w, https:\/\/ifdc4-juj.infd.edu.ar\/sitio\/wp-content\/uploads\/2022\/03\/divider-gf9103f5ba_1280-3-768x76.png 768w, https:\/\/ifdc4-juj.infd.edu.ar\/sitio\/wp-content\/uploads\/2022\/03\/divider-gf9103f5ba_1280-3.png 1280w\" sizes=\"(max-width: 1000px) 100vw, 1000px\" \/><\/p>\n<p><img decoding=\"async\" loading=\"lazy\" class=\"alignnone size-full wp-image-3410\" src=\"https:\/\/ifdc4-juj.infd.edu.ar\/sitio\/wp-content\/uploads\/2026\/01\/Imagen2-1.jpg\" alt=\"\" width=\"985\" height=\"711\" srcset=\"https:\/\/ifdc4-juj.infd.edu.ar\/sitio\/wp-content\/uploads\/2026\/01\/Imagen2-1.jpg 985w, https:\/\/ifdc4-juj.infd.edu.ar\/sitio\/wp-content\/uploads\/2026\/01\/Imagen2-1-768x554.jpg 768w\" sizes=\"(max-width: 985px) 100vw, 985px\" \/><img decoding=\"async\" loading=\"lazy\" class=\"alignnone size-medium wp-image-2141\" src=\"https:\/\/ifdc4-juj.infd.edu.ar\/sitio\/wp-content\/uploads\/2022\/03\/divider-gf9103f5ba_1280-3-1000x99.png\" alt=\"\" width=\"1000\" height=\"99\" srcset=\"https:\/\/ifdc4-juj.infd.edu.ar\/sitio\/wp-content\/uploads\/2022\/03\/divider-gf9103f5ba_1280-3-1000x99.png 1000w, https:\/\/ifdc4-juj.infd.edu.ar\/sitio\/wp-content\/uploads\/2022\/03\/divider-gf9103f5ba_1280-3-768x76.png 768w, https:\/\/ifdc4-juj.infd.edu.ar\/sitio\/wp-content\/uploads\/2022\/03\/divider-gf9103f5ba_1280-3.png 1280w\" sizes=\"(max-width: 1000px) 100vw, 1000px\" \/><\/p>\n<p><img decoding=\"async\" loading=\"lazy\" class=\"alignnone size-full wp-image-3409\" src=\"https:\/\/ifdc4-juj.infd.edu.ar\/sitio\/wp-content\/uploads\/2026\/01\/Imagen2.jpg\" alt=\"\" width=\"985\" height=\"711\" srcset=\"https:\/\/ifdc4-juj.infd.edu.ar\/sitio\/wp-content\/uploads\/2026\/01\/Imagen2.jpg 985w, https:\/\/ifdc4-juj.infd.edu.ar\/sitio\/wp-content\/uploads\/2026\/01\/Imagen2-768x554.jpg 768w\" sizes=\"(max-width: 985px) 100vw, 985px\" \/><\/p>\n<p><img decoding=\"async\" loading=\"lazy\" class=\"alignnone size-medium wp-image-2141\" src=\"https:\/\/ifdc4-juj.infd.edu.ar\/sitio\/wp-content\/uploads\/2022\/03\/divider-gf9103f5ba_1280-3-1000x99.png\" alt=\"\" width=\"1000\" height=\"99\" srcset=\"https:\/\/ifdc4-juj.infd.edu.ar\/sitio\/wp-content\/uploads\/2022\/03\/divider-gf9103f5ba_1280-3-1000x99.png 1000w, https:\/\/ifdc4-juj.infd.edu.ar\/sitio\/wp-content\/uploads\/2022\/03\/divider-gf9103f5ba_1280-3-768x76.png 768w, https:\/\/ifdc4-juj.infd.edu.ar\/sitio\/wp-content\/uploads\/2022\/03\/divider-gf9103f5ba_1280-3.png 1280w\" sizes=\"(max-width: 1000px) 100vw, 1000px\" \/><\/p>\n<\/blockquote>\n<div style=\"text-align: center;\">\n<p><span style=\"background-color: #ff6600; color: #ff00ff;\" data-darkreader-inline-bgcolor=\"\"><strong>_________________________________________<\/strong><\/span><\/p>\n<\/div>\n<\/div>\n<div style=\"text-align: center;\">\n<div style=\"text-align: center;\">\n<p><strong>INSTITUTO DE EDUCACI\u00d3N SUPERIOR N\u00b0 4<\/strong><\/p>\n<p><strong>TE OFRECE:<\/strong><\/p>\n<ul>\n<li style=\"text-align: left;\">PROFESORADO DE INGLES<\/li>\n<li style=\"text-align: left;\">PROFESORADO DE FRANC\u00c9S<\/li>\n<li style=\"text-align: left;\">PROFESORADO DE PORTUGU\u00c9S<\/li>\n<li style=\"text-align: left;\">PROFESORADO DE TEATRO<\/li>\n<li style=\"text-align: left;\">PROFESORADO DE ARTES VISUALES (CON ORIENTACION EN Pintura, Cer\u00e1mica, Escultura, Grabado, Fotograf\u00eda)<\/li>\n<li style=\"text-align: left;\">PROFESORADO DE EDUCACI\u00d3N F\u00cdSICA<\/li>\n<li style=\"text-align: left;\">PROFESORADO DE EDUCACI\u00d3N F\u00cdSICA<strong>(Con Orient. En\u00a0 <\/strong><strong>Tiempo libre y Recreaci\u00f3n)<\/strong><\/li>\n<li style=\"text-align: left;\">PROFESORADO DE EDUCACI\u00d3N PRIMARIA\u00a0\u00a0<strong>(Con Orient. En Rural)<\/strong><\/li>\n<\/ul>\n<\/div>\n<\/div>\n<div style=\"text-align: center;\">\u00a0<\/div>\n\n\n<figure class=\"wp-block-image\"><img alt=\"\"\/><\/figure>\n\n\n\n<figure class=\"wp-block-gallery has-nested-images columns-default is-cropped wp-block-gallery-1 is-layout-flex\"><\/figure>\n\n\n\n<figure class=\"wp-block-gallery has-nested-images columns-default is-cropped wp-block-gallery-3 is-layout-flex\"><\/figure>\n\n\n\n<figure class=\"wp-block-gallery has-nested-images columns-default is-cropped wp-block-gallery-5 is-layout-flex\"><\/figure>\n\n\n\n<figure class=\"wp-block-image\"><img alt=\"\"\/><\/figure>\n\n\n\n<figure class=\"wp-block-image\"><img alt=\"\"\/><\/figure>\n\n\n\n<figure class=\"wp-block-image\"><img alt=\"\"\/><\/figure>\n\n\n\n<figure class=\"wp-block-image\"><img alt=\"\"\/><\/figure>\n\n\n\n<figure class=\"wp-block-image alignwide size-large is-style-default\"><img decoding=\"async\" src=\"https:\/\/ifdc4-juj.infd.edu.ar\/sitio\/wp-content\/uploads\/2021\/12\/separador-720x509-1.png\" alt=\"\" class=\"wp-image-1960\"\/><\/figure>\n\n\n\n<p><strong>ESTRUCTURAS CURRICULARES<\/strong><\/p>\n\n\n\n<ul>\n<li>PROFESORADO DE INGLES &#8211; Resoluci\u00f3n N\u00b013942-E-19<\/li>\n<\/ul>\n\n\n\n<figure class=\"wp-block-image size-large is-style-default\"><img decoding=\"async\" loading=\"lazy\" width=\"637\" height=\"1331\" src=\"https:\/\/ifdc4-juj.infd.edu.ar\/sitio\/wp-content\/uploads\/2021\/12\/INGLES-1.png\" alt=\"\" class=\"wp-image-1951\" srcset=\"https:\/\/ifdc4-juj.infd.edu.ar\/sitio\/wp-content\/uploads\/2021\/12\/INGLES-1.png 637w, https:\/\/ifdc4-juj.infd.edu.ar\/sitio\/wp-content\/uploads\/2021\/12\/INGLES-1-479x1000.png 479w\" sizes=\"(max-width: 637px) 100vw, 637px\" \/><\/figure>\n\n\n\n<p><\/p>\n\n\n\n<figure class=\"wp-block-image alignwide size-large is-style-default\"><img decoding=\"async\" src=\"https:\/\/ifdc4-juj.infd.edu.ar\/sitio\/wp-content\/uploads\/2021\/12\/separador-720x509-2.png\" alt=\"\" class=\"wp-image-1962\"\/><\/figure>\n\n\n\n<p><\/p>\n\n\n\n<p>PROFESORADO DE FRANC\u00c9S Resoluci\u00f3n N\u00b013941-E-19<\/p>\n\n\n\n<figure class=\"wp-block-image size-large is-style-default\"><img decoding=\"async\" loading=\"lazy\" width=\"637\" height=\"1321\" src=\"https:\/\/ifdc4-juj.infd.edu.ar\/sitio\/wp-content\/uploads\/2021\/12\/FRANCES.png\" alt=\"\" class=\"wp-image-1954\" srcset=\"https:\/\/ifdc4-juj.infd.edu.ar\/sitio\/wp-content\/uploads\/2021\/12\/FRANCES.png 637w, https:\/\/ifdc4-juj.infd.edu.ar\/sitio\/wp-content\/uploads\/2021\/12\/FRANCES-482x1000.png 482w\" sizes=\"(max-width: 637px) 100vw, 637px\" \/><\/figure>\n\n\n\n<p> <\/p>\n\n\n\n<figure class=\"wp-block-image alignwide size-large is-style-default\"><img decoding=\"async\" src=\"https:\/\/ifdc4-juj.infd.edu.ar\/sitio\/wp-content\/uploads\/2021\/12\/separador-720x509-3.png\" alt=\"\" class=\"wp-image-1963\"\/><\/figure>\n\n\n\n<p><\/p>\n\n\n\n<p>PROFESORADO DE PORTUGU\u00c9S Resoluci\u00f3n N\u00b013967-E-19<\/p>\n\n\n\n<figure class=\"wp-block-image size-large is-resized is-style-default\"><img decoding=\"async\" loading=\"lazy\" src=\"https:\/\/ifdc4-juj.infd.edu.ar\/sitio\/wp-content\/uploads\/2021\/12\/PORTUGUES.png\" alt=\"\" class=\"wp-image-1955\" width=\"1013\" height=\"1997\" srcset=\"https:\/\/ifdc4-juj.infd.edu.ar\/sitio\/wp-content\/uploads\/2021\/12\/PORTUGUES.png 599w, https:\/\/ifdc4-juj.infd.edu.ar\/sitio\/wp-content\/uploads\/2021\/12\/PORTUGUES-507x1000.png 507w\" sizes=\"(max-width: 1013px) 100vw, 1013px\" \/><\/figure>\n\n\n\n<p> <\/p>\n\n\n\n<figure class=\"wp-block-image alignwide size-large is-style-default\"><img decoding=\"async\" src=\"https:\/\/ifdc4-juj.infd.edu.ar\/sitio\/wp-content\/uploads\/2021\/12\/separador-720x509-4.png\" alt=\"\" class=\"wp-image-1964\"\/><\/figure>\n\n\n\n<p><\/p>\n\n\n\n<p>PROFESORADO DE TEATRO Resoluci\u00f3n N\u00b013964-E-19<\/p>\n\n\n\n<figure class=\"wp-block-image size-large is-resized is-style-default\"><img decoding=\"async\" loading=\"lazy\" src=\"https:\/\/ifdc4-juj.infd.edu.ar\/sitio\/wp-content\/uploads\/2021\/12\/TEATRO.png\" alt=\"\" class=\"wp-image-1957\" width=\"1014\" height=\"2006\" srcset=\"https:\/\/ifdc4-juj.infd.edu.ar\/sitio\/wp-content\/uploads\/2021\/12\/TEATRO.png 589w, https:\/\/ifdc4-juj.infd.edu.ar\/sitio\/wp-content\/uploads\/2021\/12\/TEATRO-506x1000.png 506w\" sizes=\"(max-width: 1014px) 100vw, 1014px\" \/><\/figure>\n\n\n\n<figure class=\"wp-block-image alignwide size-large is-style-default\"><img decoding=\"async\" src=\"https:\/\/ifdc4-juj.infd.edu.ar\/sitio\/wp-content\/uploads\/2021\/12\/separador-720x509-5.png\" alt=\"\" class=\"wp-image-1965\"\/><\/figure>\n\n\n\n<p><\/p>\n\n\n\n<p>PROFESORADO DE ARTES VISUALES &#8211; Cer\u00e1mica &#8211; Resoluci\u00f3n N\u00b0 13950-E-19<\/p>\n\n\n\n<figure class=\"wp-block-image size-large is-resized is-style-default\"><img decoding=\"async\" loading=\"lazy\" src=\"https:\/\/ifdc4-juj.infd.edu.ar\/sitio\/wp-content\/uploads\/2021\/12\/ARTES-VISUALES-CON-ORIENTACION-EN-CERAMICA.png\" alt=\"\" class=\"wp-image-1966\" width=\"1016\" height=\"2127\" srcset=\"https:\/\/ifdc4-juj.infd.edu.ar\/sitio\/wp-content\/uploads\/2021\/12\/ARTES-VISUALES-CON-ORIENTACION-EN-CERAMICA.png 635w, https:\/\/ifdc4-juj.infd.edu.ar\/sitio\/wp-content\/uploads\/2021\/12\/ARTES-VISUALES-CON-ORIENTACION-EN-CERAMICA-477x1000.png 477w\" sizes=\"(max-width: 1016px) 100vw, 1016px\" \/><\/figure>\n\n\n\n<p><\/p>\n\n\n\n<figure class=\"wp-block-image alignwide size-large is-style-default\"><img decoding=\"async\" src=\"https:\/\/ifdc4-juj.infd.edu.ar\/sitio\/wp-content\/uploads\/2021\/12\/separador-720x509-6.png\" alt=\"\" class=\"wp-image-1975\"\/><\/figure>\n\n\n\n<p><\/p>\n\n\n\n<p>PROFESORADO DE ARTES VISUALES &#8211; Escultura &#8211; Resoluci\u00f3n N\u00b0 13940-E-19<\/p>\n\n\n\n<figure class=\"wp-block-image size-large is-resized is-style-default\"><img decoding=\"async\" loading=\"lazy\" src=\"https:\/\/ifdc4-juj.infd.edu.ar\/sitio\/wp-content\/uploads\/2021\/12\/ARTES-VISUALES-CON-ORIENTACION-EN-ESCULTURA.png\" alt=\"\" class=\"wp-image-1967\" width=\"1012\" height=\"2091\" srcset=\"https:\/\/ifdc4-juj.infd.edu.ar\/sitio\/wp-content\/uploads\/2021\/12\/ARTES-VISUALES-CON-ORIENTACION-EN-ESCULTURA.png 635w, https:\/\/ifdc4-juj.infd.edu.ar\/sitio\/wp-content\/uploads\/2021\/12\/ARTES-VISUALES-CON-ORIENTACION-EN-ESCULTURA-484x1000.png 484w\" sizes=\"(max-width: 1012px) 100vw, 1012px\" \/><\/figure>\n\n\n\n<p> <\/p>\n\n\n\n<figure class=\"wp-block-image alignwide size-large is-style-default\"><img decoding=\"async\" src=\"https:\/\/ifdc4-juj.infd.edu.ar\/sitio\/wp-content\/uploads\/2021\/12\/separador-720x509-7.png\" alt=\"\" class=\"wp-image-1976\"\/><\/figure>\n\n\n\n<p><\/p>\n\n\n\n<p>PROFESORADO DE ARTES VISUALES &#8211; Fotograf\u00eda &#8211; Resoluci\u00f3n N\u00b0 13956-E-19<\/p>\n\n\n\n<figure class=\"wp-block-image size-large is-style-default\"><img decoding=\"async\" loading=\"lazy\" width=\"577\" height=\"1179\" src=\"https:\/\/ifdc4-juj.infd.edu.ar\/sitio\/wp-content\/uploads\/2021\/12\/ARTES-VISUALES-CON-ORIENTACION-EN-FOTOGRAFIA.png\" alt=\"\" class=\"wp-image-1968\" srcset=\"https:\/\/ifdc4-juj.infd.edu.ar\/sitio\/wp-content\/uploads\/2021\/12\/ARTES-VISUALES-CON-ORIENTACION-EN-FOTOGRAFIA.png 577w, https:\/\/ifdc4-juj.infd.edu.ar\/sitio\/wp-content\/uploads\/2021\/12\/ARTES-VISUALES-CON-ORIENTACION-EN-FOTOGRAFIA-489x1000.png 489w\" sizes=\"(max-width: 577px) 100vw, 577px\" \/><\/figure>\n\n\n\n<p><\/p>\n\n\n\n<figure class=\"wp-block-image alignwide size-large is-style-default\"><img decoding=\"async\" src=\"https:\/\/ifdc4-juj.infd.edu.ar\/sitio\/wp-content\/uploads\/2021\/12\/separador-720x509-8.png\" alt=\"\" class=\"wp-image-1978\"\/><\/figure>\n\n\n\n<p><\/p>\n\n\n\n<p>PROFESORADO DE ARTES VISUALES &#8211; Grabado &#8211; Resoluci\u00f3n N\u00b0 13953-E-19<\/p>\n\n\n\n<figure class=\"wp-block-image size-large is-resized is-style-default\"><img decoding=\"async\" loading=\"lazy\" src=\"https:\/\/ifdc4-juj.infd.edu.ar\/sitio\/wp-content\/uploads\/2021\/12\/ARTES-VISUALES-CON-ORIENTACION-EN-GRABADO.png\" alt=\"\" class=\"wp-image-1969\" width=\"1021\" height=\"2088\" srcset=\"https:\/\/ifdc4-juj.infd.edu.ar\/sitio\/wp-content\/uploads\/2021\/12\/ARTES-VISUALES-CON-ORIENTACION-EN-GRABADO.png 639w, https:\/\/ifdc4-juj.infd.edu.ar\/sitio\/wp-content\/uploads\/2021\/12\/ARTES-VISUALES-CON-ORIENTACION-EN-GRABADO-489x1000.png 489w\" sizes=\"(max-width: 1021px) 100vw, 1021px\" \/><\/figure>\n\n\n\n<figure class=\"wp-block-image alignwide size-large is-style-default\"><img decoding=\"async\" src=\"https:\/\/ifdc4-juj.infd.edu.ar\/sitio\/wp-content\/uploads\/2021\/12\/separador-720x509-9.png\" alt=\"\" class=\"wp-image-1979\"\/><\/figure>\n\n\n\n<p><\/p>\n\n\n\n<p>PROFESORADO DE ARTES VISUALES &#8211; Pintura &#8211; Resoluci\u00f3n N\u00b0 13954-E-19<\/p>\n\n\n\n<figure class=\"wp-block-image size-large is-resized is-style-default\"><img decoding=\"async\" loading=\"lazy\" src=\"https:\/\/ifdc4-juj.infd.edu.ar\/sitio\/wp-content\/uploads\/2021\/12\/ARTES-VISUALES-CON-ORIENTACION-EN-PINTURA.png\" alt=\"\" class=\"wp-image-1970\" width=\"1054\" height=\"2013\" srcset=\"https:\/\/ifdc4-juj.infd.edu.ar\/sitio\/wp-content\/uploads\/2021\/12\/ARTES-VISUALES-CON-ORIENTACION-EN-PINTURA.png 613w, https:\/\/ifdc4-juj.infd.edu.ar\/sitio\/wp-content\/uploads\/2021\/12\/ARTES-VISUALES-CON-ORIENTACION-EN-PINTURA-523x1000.png 523w\" sizes=\"(max-width: 1054px) 100vw, 1054px\" \/><\/figure>\n\n\n\n<figure class=\"wp-block-image alignwide size-large is-style-default\"><img decoding=\"async\" src=\"https:\/\/ifdc4-juj.infd.edu.ar\/sitio\/wp-content\/uploads\/2021\/12\/separador-720x509-10.png\" alt=\"\" class=\"wp-image-1980\"\/><\/figure>\n\n\n\n<p><\/p>\n\n\n\n<p>PROFESORADO DE EDUCACI\u00d3N F\u00cdSICA<strong>(Con Orient. En&nbsp; Tiempo libre y Recreaci\u00f3n)<\/strong> Resoluci\u00f3n N\u00b0 13929-E-19<\/p>\n\n\n\n<figure class=\"wp-block-image size-large is-style-default\"><img decoding=\"async\" loading=\"lazy\" width=\"631\" height=\"1287\" src=\"https:\/\/ifdc4-juj.infd.edu.ar\/sitio\/wp-content\/uploads\/2021\/12\/EDUCACION-FISICA-CON-ORIENTACION-EN-TIEMPO-LIBRE-Y-RECREACION.png\" alt=\"\" class=\"wp-image-1971\" srcset=\"https:\/\/ifdc4-juj.infd.edu.ar\/sitio\/wp-content\/uploads\/2021\/12\/EDUCACION-FISICA-CON-ORIENTACION-EN-TIEMPO-LIBRE-Y-RECREACION.png 631w, https:\/\/ifdc4-juj.infd.edu.ar\/sitio\/wp-content\/uploads\/2021\/12\/EDUCACION-FISICA-CON-ORIENTACION-EN-TIEMPO-LIBRE-Y-RECREACION-490x1000.png 490w\" sizes=\"(max-width: 631px) 100vw, 631px\" \/><\/figure>\n\n\n\n<p><\/p>\n\n\n\n<figure class=\"wp-block-image alignwide size-large is-style-default\"><img decoding=\"async\" src=\"https:\/\/ifdc4-juj.infd.edu.ar\/sitio\/wp-content\/uploads\/2021\/12\/separador-720x509-11.png\" alt=\"\" class=\"wp-image-1981\"\/><\/figure>\n\n\n\n<p>PROFESORADO DE EDUCACI\u00d3N F\u00cdSICA &#8211; Resoluci\u00f3n N\u00b0 13946-E-19<\/p>\n\n\n\n<figure class=\"wp-block-image size-large is-style-default\"><img decoding=\"async\" loading=\"lazy\" width=\"637\" height=\"1287\" src=\"https:\/\/ifdc4-juj.infd.edu.ar\/sitio\/wp-content\/uploads\/2021\/12\/EDUCACION-FISICA.png\" alt=\"\" class=\"wp-image-1972\" srcset=\"https:\/\/ifdc4-juj.infd.edu.ar\/sitio\/wp-content\/uploads\/2021\/12\/EDUCACION-FISICA.png 637w, https:\/\/ifdc4-juj.infd.edu.ar\/sitio\/wp-content\/uploads\/2021\/12\/EDUCACION-FISICA-495x1000.png 495w\" sizes=\"(max-width: 637px) 100vw, 637px\" \/><\/figure>\n\n\n\n<figure class=\"wp-block-image alignwide size-large is-style-default\"><img decoding=\"async\" src=\"https:\/\/ifdc4-juj.infd.edu.ar\/sitio\/wp-content\/uploads\/2021\/12\/separador-720x509-12.png\" alt=\"\" class=\"wp-image-1982\"\/><\/figure>\n\n\n\n<p><\/p>\n\n\n\n<p>PROFESORADO DE EDUCACI\u00d3N PRIMARIA&nbsp;&nbsp;<strong>(Con Orient. En Rural)<\/strong> Resoluci\u00f3n N\u00b0 13971-E-19<\/p>\n\n\n\n<figure class=\"wp-block-image size-large is-style-default\"><img decoding=\"async\" loading=\"lazy\" width=\"613\" height=\"1289\" src=\"https:\/\/ifdc4-juj.infd.edu.ar\/sitio\/wp-content\/uploads\/2021\/12\/EDUCACION-PRIMARIA-CON-ORIENTACION-EN-EDUCACION-RURAL.png\" alt=\"\" class=\"wp-image-1973\" srcset=\"https:\/\/ifdc4-juj.infd.edu.ar\/sitio\/wp-content\/uploads\/2021\/12\/EDUCACION-PRIMARIA-CON-ORIENTACION-EN-EDUCACION-RURAL.png 613w, https:\/\/ifdc4-juj.infd.edu.ar\/sitio\/wp-content\/uploads\/2021\/12\/EDUCACION-PRIMARIA-CON-ORIENTACION-EN-EDUCACION-RURAL-476x1000.png 476w\" sizes=\"(max-width: 613px) 100vw, 613px\" \/><\/figure>\n\n\n\n<p><\/p>\n\n\n\n<p><\/p>\n\n\n\n<p><\/p>\n\n\n\n<p><\/p>\n","protected":false},"excerpt":{"rendered":"<p>_________________________________________ INSTITUTO DE EDUCACI\u00d3N SUPERIOR N\u00b0 4 TE OFRECE: PROFESORADO DE INGLES PROFESORADO DE FRANC\u00c9S PROFESORADO DE PORTUGU\u00c9S PROFESORADO DE TEATRO PROFESORADO DE ARTES VISUALES (CON ORIENTACION EN Pintura, Cer\u00e1mica, Escultura, Grabado, Fotograf\u00eda) PROFESORADO DE EDUCACI\u00d3N F\u00cdSICA PROFESORADO DE EDUCACI\u00d3N F\u00cdSICA(Con Orient. En\u00a0 Tiempo libre y Recreaci\u00f3n) PROFESORADO DE EDUCACI\u00d3N PRIMARIA\u00a0\u00a0(Con Orient. En Rural) \u00a0 &#8230; <a title=\"Departamento Alumnos\" class=\"read-more\" href=\"https:\/\/ifdc4-juj.infd.edu.ar\/sitio\/departamento-alumnos\/\" aria-label=\"More on Departamento Alumnos\">[+]<\/a><\/p>\n","protected":false},"author":904,"featured_media":0,"parent":0,"menu_order":0,"comment_status":"closed","ping_status":"closed","template":"","meta":[],"acf":[],"_links":{"self":[{"href":"https:\/\/ifdc4-juj.infd.edu.ar\/sitio\/wp-json\/wp\/v2\/pages\/1088"}],"collection":[{"href":"https:\/\/ifdc4-juj.infd.edu.ar\/sitio\/wp-json\/wp\/v2\/pages"}],"about":[{"href":"https:\/\/ifdc4-juj.infd.edu.ar\/sitio\/wp-json\/wp\/v2\/types\/page"}],"author":[{"embeddable":true,"href":"https:\/\/ifdc4-juj.infd.edu.ar\/sitio\/wp-json\/wp\/v2\/users\/904"}],"replies":[{"embeddable":true,"href":"https:\/\/ifdc4-juj.infd.edu.ar\/sitio\/wp-json\/wp\/v2\/comments?post=1088"}],"version-history":[{"count":26,"href":"https:\/\/ifdc4-juj.infd.edu.ar\/sitio\/wp-json\/wp\/v2\/pages\/1088\/revisions"}],"predecessor-version":[{"id":3503,"href":"https:\/\/ifdc4-juj.infd.edu.ar\/sitio\/wp-json\/wp\/v2\/pages\/1088\/revisions\/3503"}],"wp:attachment":[{"href":"https:\/\/ifdc4-juj.infd.edu.ar\/sitio\/wp-json\/wp\/v2\/media?parent=1088"}],"curies":[{"name":"wp","href":"https:\/\/api.w.org\/{rel}","templated":true}]}}